{"id":3,"date":"2023-05-07T18:47:20","date_gmt":"2023-05-07T16:47:20","guid":{"rendered":"http:\/\/inkalours.com\/?page_id=3"},"modified":"2023-12-14T21:14:16","modified_gmt":"2023-12-14T20:14:16","slug":"ochrana-osobnich-udaju","status":"publish","type":"page","link":"https:\/\/inkalours.com\/en\/ochrana-osobnich-udaju\/","title":{"rendered":"Privacy Policy"},"content":{"rendered":"<div data-elementor-type=\"wp-page\" data-elementor-id=\"3\" class=\"elementor elementor-3\">\n\t\t\t\t<section class=\"elementor-section elementor-top-section elementor-element elementor-element-2d6fa1c3 elementor-section-boxed elementor-section-height-default elementor-section-height-default\" data-id=\"2d6fa1c3\" data-element_type=\"section\">\n\t\t\t\t\t\t<div class=\"elementor-container elementor-column-gap-default\">\n\t\t\t\t\t<div class=\"elementor-column elementor-col-100 elementor-top-column elementor-element elementor-element-202847ec\" data-id=\"202847ec\" data-element_type=\"column\">\n\t\t\t<div class=\"elementor-widget-wrap elementor-element-populated\">\n\t\t\t\t\t\t<div class=\"elementor-element elementor-element-6e41dd0c elementor-widget elementor-widget-text-editor\" data-id=\"6e41dd0c\" data-element_type=\"widget\" data-widget_type=\"text-editor.default\">\n\t\t\t\t<div class=\"elementor-widget-container\">\n\t\t\t\t\t\t\t\t\t<p><\/p>\n<p><\/p>\n<p><strong>K \u010cEMU SLOU\u017d\u00cd VA\u0160E OSOBN\u00cd \u00daDAJE A&nbsp;ZA JAK\u00ddM \u00da\u010cELEM JE ZPRACOV\u00c1V\u00c1M?<\/strong><\/p>\n<p>Va\u0161e osobn\u00ed \u00fadaje zpracov\u00e1v\u00e1m jako spr\u00e1vce. \u00dadaje slou\u017e\u00ed k potvrzen\u00ed objedn\u00e1vky, vystaven\u00ed faktury za elektronick\u00e9 slu\u017eby, on-line produkty (meditace, mandaly, frakt\u00e1ly,hudebn\u00ed esence,) a odesl\u00e1n\u00ed objedn\u00e1vky.<br><\/p>\n<p><strong>PROHL\u00c1\u0160EN\u00cd<\/strong><br>Prohla\u0161uji, \u017ee jako spr\u00e1vce va\u0161ich osobn\u00edch \u00fadaj\u016f spl\u0148uji ve\u0161ker\u00e9 z\u00e1konn\u00e9 povinnosti vy\u017eadovan\u00e9 platnou legislativou, zejm\u00e9na z\u00e1konem o ochran\u011b osobn\u00edch \u00fadaj\u016f a GDPR, a&nbsp;tedy \u017ee:<\/p>\n<p>Zpracov\u00e1v\u00e1m va\u0161e osobn\u00ed \u00fadaje jen na z\u00e1klad\u011b platn\u00e9ho pr\u00e1vn\u00edho d\u016fvodu, opr\u00e1vn\u011bn\u00e9ho z\u00e1jmu, pln\u011bn\u00ed smlouvy, z\u00e1konn\u00e9 povinnosti, \u010di ud\u011blen\u00e9ho souhlasu.<\/p>\n<p>Spl\u0148uji informa\u010dn\u00ed povinnost dle \u010dl\u00e1nku 13 GDPR je\u0161t\u011b p\u0159ed zah\u00e1jen\u00edm zpracov\u00e1n\u00ed osobn\u00edch \u00fadaj\u016f.<\/p>\n<p>Umo\u017en\u00edm v\u00e1m a&nbsp;budu v\u00e1s podporovat v&nbsp;uplat\u0148ov\u00e1n\u00ed a&nbsp;pln\u011bn\u00ed va\u0161ich pr\u00e1v podle z\u00e1kona o&nbsp;ochran\u011b osobn\u00edch \u00fadaj\u016f a&nbsp;GDPR.<\/p>\n<p><\/p>\n<p><strong>ROZSAH OSOBN\u00cdCH \u00daDAJ\u016e A&nbsp;\u00da\u010cELY ZPRACOV\u00c1N\u00cd<\/strong><\/p>\n<p>Zpracov\u00e1v\u00e1m osobn\u00ed \u00fadaje, kter\u00e9 mi sv\u011b\u0159\u00edte ze sv\u00e9 vlastn\u00ed v\u016fle, z n\u00e1sleduj\u00edc\u00edch d\u016fvod\u016f a&nbsp;pro napln\u011bn\u00ed t\u011bchto \u00fa\u010del\u016f:<\/p>\n<p>\u25cf poskytov\u00e1n\u00ed slu\u017eeb, pln\u011bn\u00ed smlouvy<br>va\u0161e osobn\u00ed \u00fadaje v rozsahu: e-mail, jm\u00e9no, p\u0159\u00edjmen\u00ed, pot\u0159ebuji k pln\u011bn\u00ed smlouvy (k odesl\u00e1n\u00ed va\u0161\u00ed objedn\u00e1vky)&nbsp;<\/p>\n<p>\u25cf veden\u00ed \u00fa\u010detnictv\u00ed<br>Jste-li z\u00e1kazn\u00edky, va\u0161e osobn\u00ed \u00fadaje (faktura\u010dn\u00ed \u00fadaje) nezbytn\u011b pot\u0159ebuji, abych vyhov\u011bla z\u00e1konn\u00e9 povinnosti pro vystavov\u00e1n\u00ed a evidenci da\u0148ov\u00fdch doklad\u016f.<\/p>\n<p>\u25cf marketing &#8211; zas\u00edl\u00e1n\u00ed newsletter\u016f<br>Va\u0161e osobn\u00ed \u00fadaje (e-mail a&nbsp;jm\u00e9no), na&nbsp;co klik\u00e1te v&nbsp;e-mailu, a&nbsp;kdy je<br>nej\u010dast\u011bji otev\u00edr\u00e1te, vyu\u017e\u00edv\u00e1m za \u00fa\u010delem p\u0159\u00edm\u00e9ho marketingu &#8211; zas\u00edl\u00e1n\u00ed obchodn\u00edch sd\u011blen\u00ed. Jste-li m\u00fdm z\u00e1kazn\u00edkem, d\u011bl\u00e1m tak z opr\u00e1vn\u011bn\u00e9ho z\u00e1jmu, nebo\u0165 d\u016fvodn\u011b p\u0159edpokl\u00e1d\u00e1me, \u017ee v\u00e1s m\u00e9 novinky zaj\u00edmaj\u00ed, a&nbsp;to po&nbsp;dobu 2 let od posledn\u00ed objedn\u00e1vky.<br>Pokud nejste na\u0161\u00edm z\u00e1kazn\u00edkem, zas\u00edl\u00e1m v\u00e1m newslettery jen na z\u00e1klad\u011b va\u0161eho souhlasu, po dobu 2 let od ud\u011blen\u00ed. V obou p\u0159\u00edpadech m\u016f\u017eete tento souhlas odvolat pou\u017eit\u00edm odhla\u0161ovac\u00edho odkazu v&nbsp;ka\u017ed\u00e9m zaslan\u00e9m e-mailu.<\/p>\n<p><\/p>\n<p><strong>COOKIES<\/strong><\/p>\n<p>P\u0159i n\u00e1v\u0161t\u011bv\u011b m\u00fdch webov\u00fdch str\u00e1nek je zaznamen\u00e1v\u00e1na va\u0161e IP adresa, jak dlouho se na str\u00e1nce zdr\u017e\u00edte a ze kter\u00e9 str\u00e1nky p\u0159ich\u00e1z\u00edte. Pou\u017e\u00edv\u00e1n\u00ed cookies pro m\u011b\u0159en\u00ed n\u00e1v\u0161t\u011bvnosti webu a p\u0159izp\u016fsoben\u00ed zobrazen\u00ed webov\u00fdch str\u00e1nek vn\u00edm\u00e1m jako sv\u016fj opr\u00e1vn\u011bn\u00fd z\u00e1jem spr\u00e1vce, nebo\u0165 v\u011b\u0159\u00edm, \u017ee d\u00edky tomu v\u00e1m m\u016f\u017eu nab\u00eddnout je\u0161t\u011b lep\u0161\u00ed slu\u017eby.<\/p>\n<p>Cookies pro c\u00edlen\u00ed reklamy budou zpracov\u00e1v\u00e1ny jen na&nbsp;z\u00e1klad\u011b va\u0161eho souhlasu.<\/p>\n<p>M\u00e9 str\u00e1nky lze proch\u00e1zet tak\u00e9 v re\u017eimu, kter\u00fd neumo\u017e\u0148uje sb\u00edr\u00e1n\u00ed osobn\u00edch \u00fadaj\u016f. Pou\u017e\u00edv\u00e1n\u00ed cookies lze zak\u00e1zat.<\/p>\n<p><strong>ZABEZPE\u010cEN\u00cd A&nbsp;OCHRANA OSOBN\u00cdCH \u00daDAJ\u016e<\/strong><\/p>\n<p>Chr\u00e1n\u00edme osobn\u00ed \u00fadaje v maxim\u00e1ln\u00ed mo\u017en\u00e9 m\u00ed\u0159e pomoc\u00ed modern\u00edch technologi\u00ed, kter\u00e9 odpov\u00eddaj\u00ed stupni technick\u00e9ho rozvoje. Slibuji v\u00e1m, \u017ee je chr\u00e1n\u00edm, jako kdyby byly m\u00e9 vlastn\u00ed.<br>P\u0159ijala jsem a&nbsp;udr\u017euji ve\u0161ker\u00e1 mo\u017en\u00e1 (aktu\u00e1ln\u011b zn\u00e1m\u00e1) technick\u00e1 a organiza\u010dn\u00ed opat\u0159en\u00ed, kter\u00e1 zamezuj\u00ed zneu\u017eit\u00ed, po\u0161kozen\u00ed nebo zni\u010den\u00ed va\u0161ich osobn\u00edch \u00fadaj\u016f.<\/p>\n<p>Ingrid Kalinkov\u00e1,<b> INKAlours, www.inkalours.com<\/b><br><\/p>\n<p><\/p>\n<p><\/p>\t\t\t\t\t\t\t\t<\/div>\n\t\t\t\t<\/div>\n\t\t\t\t\t<\/div>\n\t\t<\/div>\n\t\t\t\t\t<\/div>\n\t\t<\/section>\t\t<\/div>","protected":false},"excerpt":{"rendered":"<p>K \u010cEMU SLOU\u017d\u00cd VA\u0160E OSOBN\u00cd \u00daDAJE A&nbsp;ZA JAK\u00ddM \u00da\u010cELEM JE ZPRACOV\u00c1V\u00c1M? Va\u0161e osobn\u00ed \u00fadaje zpracov\u00e1v\u00e1m jako spr\u00e1vce. \u00dadaje slou\u017e\u00ed k potvrzen\u00ed objedn\u00e1vky, vystaven\u00ed faktury za elektronick\u00e9 slu\u017eby, on-line produkty (meditace, mandaly, frakt\u00e1ly,hudebn\u00ed esence,) a odesl\u00e1n\u00ed objedn\u00e1vky. PROHL\u00c1\u0160EN\u00cdProhla\u0161uji, \u017ee jako spr\u00e1vce va\u0161ich osobn\u00edch \u00fadaj\u016f spl\u0148uji ve\u0161ker\u00e9 z\u00e1konn\u00e9 povinnosti vy\u017eadovan\u00e9 platnou legislativou, zejm\u00e9na z\u00e1konem o ochran\u011b osobn\u00edch [&hellip;]<\/p>","protected":false},"author":1,"featured_media":0,"parent":0,"menu_order":0,"comment_status":"closed","ping_status":"open","template":"","meta":{"inline_featured_image":false,"site-sidebar-layout":"default","site-content-layout":"","ast-site-content-layout":"default","site-content-style":"default","site-sidebar-style":"default","ast-global-header-display":"","ast-banner-title-visibility":"","ast-main-header-display":"","ast-hfb-above-header-display":"","ast-hfb-below-header-display":"","ast-hfb-mobile-header-display":"","site-post-title":"","ast-breadcrumbs-content":"","ast-featured-img":"","footer-sml-layout":"","theme-transparent-header-meta":"","adv-header-id-meta":"","stick-header-meta":"","header-above-stick-meta":"","header-main-stick-meta":"","header-below-stick-meta":"","astra-migrate-meta-layouts":"set","ast-page-background-enabled":"default","ast-page-background-meta":{"desktop":{"background-color":"","background-image":"","background-repeat":"repeat","background-position":"center center","background-size":"auto","background-attachment":"scroll","background-type":"","background-media":"","overlay-type":"","overlay-color":"","overlay-opacity":"","overlay-gradient":""},"tablet":{"background-color":"","background-image":"","background-repeat":"repeat","background-position":"center center","background-size":"auto","background-attachment":"scroll","background-type":"","background-media":"","overlay-type":"","overlay-color":"","overlay-opacity":"","overlay-gradient":""},"mobile":{"background-color":"","background-image":"","background-repeat":"repeat","background-position":"center center","background-size":"auto","background-attachment":"scroll","background-type":"","background-media":"","overlay-type":"","overlay-color":"","overlay-opacity":"","overlay-gradient":""}},"ast-content-background-meta":{"desktop":{"background-color":"var(--ast-global-color-5)","background-image":"","background-repeat":"repeat","background-position":"center center","background-size":"auto","background-attachment":"scroll","background-type":"","background-media":"","overlay-type":"","overlay-color":"","overlay-opacity":"","overlay-gradient":""},"tablet":{"background-color":"var(--ast-global-color-5)","background-image":"","background-repeat":"repeat","background-position":"center center","background-size":"auto","background-attachment":"scroll","background-type":"","background-media":"","overlay-type":"","overlay-color":"","overlay-opacity":"","overlay-gradient":""},"mobile":{"background-color":"var(--ast-global-color-5)","background-image":"","background-repeat":"repeat","background-position":"center center","background-size":"auto","background-attachment":"scroll","background-type":"","background-media":"","overlay-type":"","overlay-color":"","overlay-opacity":"","overlay-gradient":""}},"footnotes":""},"class_list":["post-3","page","type-page","status-publish","hentry"],"yoast_head":"<!-- This site is optimized with the Yoast SEO plugin v24.1 - https:\/\/yoast.com\/wordpress\/plugins\/seo\/ -->\n<title>Z\u00e1sady ochrany osobn\u00edch \u00fadaj\u016f - INKAlours<\/title>\n<meta name=\"description\" content=\"Inkalours.com - sv\u011bt barev, meditac\u00ed a hudby. Jako spr\u00e1vce va\u0161ich osobn\u00edch \u00fadaj\u016f spl\u0148uji ve\u0161ker\u00e9 z\u00e1konn\u00e9 povinnosti.\" \/>\n<meta name=\"robots\" content=\"index, follow, max-snippet:-1, max-image-preview:large, max-video-preview:-1\" \/>\n<link rel=\"canonical\" href=\"https:\/\/inkalours.com\/en\/ochrana-osobnich-udaju\/\" \/>\n<meta property=\"og:locale\" content=\"en_US\" \/>\n<meta property=\"og:type\" content=\"article\" \/>\n<meta property=\"og:title\" content=\"Z\u00e1sady ochrany osobn\u00edch \u00fadaj\u016f - INKAlours\" \/>\n<meta property=\"og:description\" content=\"Inkalours.com - sv\u011bt barev, meditac\u00ed a hudby. Jako spr\u00e1vce va\u0161ich osobn\u00edch \u00fadaj\u016f spl\u0148uji ve\u0161ker\u00e9 z\u00e1konn\u00e9 povinnosti.\" \/>\n<meta property=\"og:url\" content=\"https:\/\/inkalours.com\/en\/ochrana-osobnich-udaju\/\" \/>\n<meta property=\"og:site_name\" content=\"INKAlours\" \/>\n<meta property=\"article:modified_time\" content=\"2023-12-14T20:14:16+00:00\" \/>\n<script type=\"application\/ld+json\" class=\"yoast-schema-graph\">{\"@context\":\"https:\/\/schema.org\",\"@graph\":[{\"@type\":\"WebPage\",\"@id\":\"https:\/\/inkalours.com\/ochrana-osobnich-udaju\/\",\"url\":\"https:\/\/inkalours.com\/ochrana-osobnich-udaju\/\",\"name\":\"Z\u00e1sady ochrany osobn\u00edch \u00fadaj\u016f - INKAlours\",\"isPartOf\":{\"@id\":\"https:\/\/inkalours.com\/#website\"},\"datePublished\":\"2023-05-07T16:47:20+00:00\",\"dateModified\":\"2023-12-14T20:14:16+00:00\",\"description\":\"Inkalours.com - sv\u011bt barev, meditac\u00ed a hudby. Jako spr\u00e1vce va\u0161ich osobn\u00edch \u00fadaj\u016f spl\u0148uji ve\u0161ker\u00e9 z\u00e1konn\u00e9 povinnosti.\",\"breadcrumb\":{\"@id\":\"https:\/\/inkalours.com\/ochrana-osobnich-udaju\/#breadcrumb\"},\"inLanguage\":\"en-US\",\"potentialAction\":[{\"@type\":\"ReadAction\",\"target\":[\"https:\/\/inkalours.com\/ochrana-osobnich-udaju\/\"]}]},{\"@type\":\"BreadcrumbList\",\"@id\":\"https:\/\/inkalours.com\/ochrana-osobnich-udaju\/#breadcrumb\",\"itemListElement\":[{\"@type\":\"ListItem\",\"position\":1,\"name\":\"Dom\u016f\",\"item\":\"https:\/\/inkalours.com\/\"},{\"@type\":\"ListItem\",\"position\":2,\"name\":\"Z\u00e1sady ochrany osobn\u00edch \u00fadaj\u016f\"}]},{\"@type\":\"WebSite\",\"@id\":\"https:\/\/inkalours.com\/#website\",\"url\":\"https:\/\/inkalours.com\/\",\"name\":\"Inkalours - mandaly, frakt\u00e1ly, enkaustika,l\u00e9\u010div\u00e9 hudebn\u00ed esence\",\"description\":\"Ingrid Kalinkov\u00e1- barvy,meditace,hudba\",\"publisher\":{\"@id\":\"https:\/\/inkalours.com\/#\/schema\/person\/443499a1f0a2fedc0e39a9dcb5e0f835\"},\"potentialAction\":[{\"@type\":\"SearchAction\",\"target\":{\"@type\":\"EntryPoint\",\"urlTemplate\":\"https:\/\/inkalours.com\/?s={search_term_string}\"},\"query-input\":{\"@type\":\"PropertyValueSpecification\",\"valueRequired\":true,\"valueName\":\"search_term_string\"}}],\"inLanguage\":\"en-US\"},{\"@type\":[\"Person\",\"Organization\"],\"@id\":\"https:\/\/inkalours.com\/#\/schema\/person\/443499a1f0a2fedc0e39a9dcb5e0f835\",\"name\":\"Ika\",\"image\":{\"@type\":\"ImageObject\",\"inLanguage\":\"en-US\",\"@id\":\"https:\/\/inkalours.com\/#\/schema\/person\/image\/\",\"url\":\"https:\/\/inkalours.com\/wp-content\/uploads\/2023\/07\/Logo_web_2289.svg\",\"contentUrl\":\"https:\/\/inkalours.com\/wp-content\/uploads\/2023\/07\/Logo_web_2289.svg\",\"width\":1,\"height\":1,\"caption\":\"Ika\"},\"logo\":{\"@id\":\"https:\/\/inkalours.com\/#\/schema\/person\/image\/\"},\"description\":\"Jsem tv\u016frce mandal a frakt\u00e1ln\u00edch obr\u00e1zk\u016f. Cht\u011bla bych V\u00e1m na m\u00e9 str\u00e1nce zprost\u0159edkovat tato setk\u00e1n\u00ed a zastaven\u00ed, kter\u00e1 p\u0159edstavuj\u00ed \u010d\u00e1st m\u00e9 du\u0161e a m\u00e9ho vn\u00edm\u00e1n\u00ed sv\u011bta\",\"sameAs\":[\"http:\/\/inkalours.com\",\"https:\/\/www.instagram.com\/worldof.mandala\/\",\"https:\/\/www.youtube.com\/@worldofmandala1318\"]}]}<\/script>\n<!-- \/ Yoast SEO plugin. -->","yoast_head_json":{"title":"Z\u00e1sady ochrany osobn\u00edch \u00fadaj\u016f - INKAlours","description":"Inkalours.com - sv\u011bt barev, meditac\u00ed a hudby. Jako spr\u00e1vce va\u0161ich osobn\u00edch \u00fadaj\u016f spl\u0148uji ve\u0161ker\u00e9 z\u00e1konn\u00e9 povinnosti.","robots":{"index":"index","follow":"follow","max-snippet":"max-snippet:-1","max-image-preview":"max-image-preview:large","max-video-preview":"max-video-preview:-1"},"canonical":"https:\/\/inkalours.com\/en\/ochrana-osobnich-udaju\/","og_locale":"en_US","og_type":"article","og_title":"Z\u00e1sady ochrany osobn\u00edch \u00fadaj\u016f - INKAlours","og_description":"Inkalours.com - sv\u011bt barev, meditac\u00ed a hudby. Jako spr\u00e1vce va\u0161ich osobn\u00edch \u00fadaj\u016f spl\u0148uji ve\u0161ker\u00e9 z\u00e1konn\u00e9 povinnosti.","og_url":"https:\/\/inkalours.com\/en\/ochrana-osobnich-udaju\/","og_site_name":"INKAlours","article_modified_time":"2023-12-14T20:14:16+00:00","schema":{"@context":"https:\/\/schema.org","@graph":[{"@type":"WebPage","@id":"https:\/\/inkalours.com\/ochrana-osobnich-udaju\/","url":"https:\/\/inkalours.com\/ochrana-osobnich-udaju\/","name":"Z\u00e1sady ochrany osobn\u00edch \u00fadaj\u016f - INKAlours","isPartOf":{"@id":"https:\/\/inkalours.com\/#website"},"datePublished":"2023-05-07T16:47:20+00:00","dateModified":"2023-12-14T20:14:16+00:00","description":"Inkalours.com - sv\u011bt barev, meditac\u00ed a hudby. Jako spr\u00e1vce va\u0161ich osobn\u00edch \u00fadaj\u016f spl\u0148uji ve\u0161ker\u00e9 z\u00e1konn\u00e9 povinnosti.","breadcrumb":{"@id":"https:\/\/inkalours.com\/ochrana-osobnich-udaju\/#breadcrumb"},"inLanguage":"en-US","potentialAction":[{"@type":"ReadAction","target":["https:\/\/inkalours.com\/ochrana-osobnich-udaju\/"]}]},{"@type":"BreadcrumbList","@id":"https:\/\/inkalours.com\/ochrana-osobnich-udaju\/#breadcrumb","itemListElement":[{"@type":"ListItem","position":1,"name":"Dom\u016f","item":"https:\/\/inkalours.com\/"},{"@type":"ListItem","position":2,"name":"Z\u00e1sady ochrany osobn\u00edch \u00fadaj\u016f"}]},{"@type":"WebSite","@id":"https:\/\/inkalours.com\/#website","url":"https:\/\/inkalours.com\/","name":"Inkalours - mandaly, frakt\u00e1ly, enkaustika,l\u00e9\u010div\u00e9 hudebn\u00ed esence","description":"Ingrid Kalinkov\u00e1- barvy,meditace,hudba","publisher":{"@id":"https:\/\/inkalours.com\/#\/schema\/person\/443499a1f0a2fedc0e39a9dcb5e0f835"},"potentialAction":[{"@type":"SearchAction","target":{"@type":"EntryPoint","urlTemplate":"https:\/\/inkalours.com\/?s={search_term_string}"},"query-input":{"@type":"PropertyValueSpecification","valueRequired":true,"valueName":"search_term_string"}}],"inLanguage":"en-US"},{"@type":["Person","Organization"],"@id":"https:\/\/inkalours.com\/#\/schema\/person\/443499a1f0a2fedc0e39a9dcb5e0f835","name":"Ika","image":{"@type":"ImageObject","inLanguage":"en-US","@id":"https:\/\/inkalours.com\/#\/schema\/person\/image\/","url":"https:\/\/inkalours.com\/wp-content\/uploads\/2023\/07\/Logo_web_2289.svg","contentUrl":"https:\/\/inkalours.com\/wp-content\/uploads\/2023\/07\/Logo_web_2289.svg","width":1,"height":1,"caption":"Ika"},"logo":{"@id":"https:\/\/inkalours.com\/#\/schema\/person\/image\/"},"description":"Jsem tv\u016frce mandal a frakt\u00e1ln\u00edch obr\u00e1zk\u016f. Cht\u011bla bych V\u00e1m na m\u00e9 str\u00e1nce zprost\u0159edkovat tato setk\u00e1n\u00ed a zastaven\u00ed, kter\u00e1 p\u0159edstavuj\u00ed \u010d\u00e1st m\u00e9 du\u0161e a m\u00e9ho vn\u00edm\u00e1n\u00ed sv\u011bta","sameAs":["http:\/\/inkalours.com","https:\/\/www.instagram.com\/worldof.mandala\/","https:\/\/www.youtube.com\/@worldofmandala1318"]}]}},"_links":{"self":[{"href":"https:\/\/inkalours.com\/en\/wp-json\/wp\/v2\/pages\/3","targetHints":{"allow":["GET"]}}],"collection":[{"href":"https:\/\/inkalours.com\/en\/wp-json\/wp\/v2\/pages"}],"about":[{"href":"https:\/\/inkalours.com\/en\/wp-json\/wp\/v2\/types\/page"}],"author":[{"embeddable":true,"href":"https:\/\/inkalours.com\/en\/wp-json\/wp\/v2\/users\/1"}],"replies":[{"embeddable":true,"href":"https:\/\/inkalours.com\/en\/wp-json\/wp\/v2\/comments?post=3"}],"version-history":[{"count":19,"href":"https:\/\/inkalours.com\/en\/wp-json\/wp\/v2\/pages\/3\/revisions"}],"predecessor-version":[{"id":9891,"href":"https:\/\/inkalours.com\/en\/wp-json\/wp\/v2\/pages\/3\/revisions\/9891"}],"wp:attachment":[{"href":"https:\/\/inkalours.com\/en\/wp-json\/wp\/v2\/media?parent=3"}],"curies":[{"name":"wp","href":"https:\/\/api.w.org\/{rel}","templated":true}]}}