{"id":5665,"date":"2023-05-22T23:20:22","date_gmt":"2023-05-22T21:20:22","guid":{"rendered":"https:\/\/inkalours.com\/?post_type=product&#038;p=5665"},"modified":"2023-11-28T19:18:12","modified_gmt":"2023-11-28T18:18:12","slug":"bodywisdom","status":"publish","type":"product","link":"https:\/\/inkalours.com\/en\/product\/bodywisdom\/","title":{"rendered":"Body Wisdom"},"content":{"rendered":"<p>&nbsp;<\/p>\n<p>Allow this fractal to fully penetrate your inner self, allowing its details to awaken your inner consciousness and intuition, leading you to a deeper understanding of your own physical and energetic essence.Body Wisdom is a visual reminder to honor and trust the innate wisdom that resides in your body, and allow it to offer you the means for personal growth and well-being.<\/p>\n<p><strong>How to work with fractal images:<\/strong><\/p>\n<p>Dive into the captivating world of fractal images without the need for complicated symbols or explanations. Simply open your heart and senses and let the colours flow through your body and soul.<\/p>\n<p>Take 10-15 minutes each day to fully immerse yourself in this experience. Begin by gazing at a fascinating fractal image accompanied by soothing music. Then spend another 10-15 minutes with your eyes closed, fully present in the moment.<\/p>\n<p>Observe the feelings, emotions and sensations that arise during both phases of this practice. Take the time to write down your experiences in a special fractal journal to capture the essence of your journey.In doing so, you can thoroughly harness the transformative power of fractal imagery and cultivate a deeper connection with yourself.<\/p>\n<p>&nbsp;<\/p>\n<div><\/div>\n<div><\/div>","protected":false},"excerpt":{"rendered":"<p>&nbsp;<\/p>\n<p><strong>Digital graphics - fractal<\/strong><\/p>\n<p>Downloadable file is a digital image<\/p>\n<p><strong>Format :<\/strong> JPG<br \/>\n<strong>Resolution :<\/strong> 2344 x 2344 px<br \/>\n<strong>File size :<\/strong> 821 KB<br \/>\n<strong>Use for :<\/strong> phone,computer<\/p>\n<p>Fractal image <strong>\u201eBody Wisdom\u201c<\/strong> embodies the intricate beauty and intelligence of the human body. Through its mesmerizing patterns and shapes, it invites viewers to explore the profound connection between mind, body, and spirit.<\/p>\n<div><\/div>","protected":false},"featured_media":7967,"comment_status":"open","ping_status":"closed","template":"","meta":{"inline_featured_image":false,"site-sidebar-layout":"default","site-content-layout":"default","ast-site-content-layout":"default","site-content-style":"default","site-sidebar-style":"default","ast-global-header-display":"","ast-banner-title-visibility":"","ast-main-header-display":"","ast-hfb-above-header-display":"","ast-hfb-below-header-display":"","ast-hfb-mobile-header-display":"","site-post-title":"","ast-breadcrumbs-content":"","ast-featured-img":"","footer-sml-layout":"","theme-transparent-header-meta":"default","adv-header-id-meta":"","stick-header-meta":"","header-above-stick-meta":"","header-main-stick-meta":"","header-below-stick-meta":"","astra-migrate-meta-layouts":"set","ast-page-background-enabled":"default","ast-page-background-meta":{"desktop":{"background-color":"","background-image":"","background-repeat":"repeat","background-position":"center center","background-size":"auto","background-attachment":"scroll","background-type":"","background-media":"","overlay-type":"","overlay-color":"","overlay-opacity":"","overlay-gradient":""},"tablet":{"background-color":"","background-image":"","background-repeat":"repeat","background-position":"center center","background-size":"auto","background-attachment":"scroll","background-type":"","background-media":"","overlay-type":"","overlay-color":"","overlay-opacity":"","overlay-gradient":""},"mobile":{"background-color":"","background-image":"","background-repeat":"repeat","background-position":"center center","background-size":"auto","background-attachment":"scroll","background-type":"","background-media":"","overlay-type":"","overlay-color":"","overlay-opacity":"","overlay-gradient":""}},"ast-content-background-meta":{"desktop":{"background-color":"var(--ast-global-color-5)","background-image":"","background-repeat":"repeat","background-position":"center center","background-size":"auto","background-attachment":"scroll","background-type":"","background-media":"","overlay-type":"","overlay-color":"","overlay-opacity":"","overlay-gradient":""},"tablet":{"background-color":"var(--ast-global-color-5)","background-image":"","background-repeat":"repeat","background-position":"center center","background-size":"auto","background-attachment":"scroll","background-type":"","background-media":"","overlay-type":"","overlay-color":"","overlay-opacity":"","overlay-gradient":""},"mobile":{"background-color":"var(--ast-global-color-5)","background-image":"","background-repeat":"repeat","background-position":"center center","background-size":"auto","background-attachment":"scroll","background-type":"","background-media":"","overlay-type":"","overlay-color":"","overlay-opacity":"","overlay-gradient":""}}},"product_brand":[],"product_cat":[44],"product_tag":[],"class_list":{"0":"post-5665","1":"product","2":"type-product","3":"status-publish","4":"has-post-thumbnail","6":"product_cat-healing","7":"desktop-align-center","8":"tablet-align-center","9":"mobile-align-center","11":"first","12":"instock","13":"sale","14":"featured","15":"downloadable","16":"virtual","17":"purchasable","18":"product-type-simple"},"yoast_head":"<!-- This site is optimized with the Yoast SEO plugin v24.1 - https:\/\/yoast.com\/wordpress\/plugins\/seo\/ -->\n<title>Moudrost t\u011bla - INKAlours<\/title>\n<meta name=\"description\" content=\"L\u00e9\u010div\u00e1 tvorba, Mandala, Frakt\u00e1l, Fluid, Enkaustika, Meditace, Hudebn\u00ed esence, on-line\" \/>\n<meta name=\"robots\" content=\"index, follow, max-snippet:-1, max-image-preview:large, max-video-preview:-1\" \/>\n<link rel=\"canonical\" href=\"https:\/\/inkalours.com\/en\/product\/bodywisdom\/\" \/>\n<meta property=\"og:locale\" content=\"en_US\" \/>\n<meta property=\"og:type\" content=\"article\" \/>\n<meta property=\"og:title\" content=\"Moudrost t\u011bla - INKAlours\" \/>\n<meta property=\"og:description\" content=\"L\u00e9\u010div\u00e1 tvorba, Mandala, Frakt\u00e1l, Fluid, Enkaustika, Meditace, Hudebn\u00ed esence, on-line\" \/>\n<meta property=\"og:url\" content=\"https:\/\/inkalours.com\/en\/product\/bodywisdom\/\" \/>\n<meta property=\"og:site_name\" content=\"INKAlours\" \/>\n<meta property=\"article:modified_time\" content=\"2023-11-28T18:18:12+00:00\" \/>\n<meta property=\"og:image\" content=\"https:\/\/inkalours.com\/wp-content\/uploads\/2023\/05\/Body-Wisdom-W.jpg\" \/>\n\t<meta property=\"og:image:width\" content=\"2344\" \/>\n\t<meta property=\"og:image:height\" content=\"2344\" \/>\n\t<meta property=\"og:image:type\" content=\"image\/jpeg\" \/>\n<script type=\"application\/ld+json\" class=\"yoast-schema-graph\">{\"@context\":\"https:\/\/schema.org\",\"@graph\":[{\"@type\":\"WebPage\",\"@id\":\"https:\/\/inkalours.com\/produkt\/bodywisdom\/\",\"url\":\"https:\/\/inkalours.com\/produkt\/bodywisdom\/\",\"name\":\"Moudrost t\u011bla - INKAlours\",\"isPartOf\":{\"@id\":\"https:\/\/inkalours.com\/#website\"},\"primaryImageOfPage\":{\"@id\":\"https:\/\/inkalours.com\/produkt\/bodywisdom\/#primaryimage\"},\"image\":{\"@id\":\"https:\/\/inkalours.com\/produkt\/bodywisdom\/#primaryimage\"},\"thumbnailUrl\":\"https:\/\/inkalours.com\/wp-content\/uploads\/2023\/05\/Body-Wisdom-W.jpg\",\"datePublished\":\"2023-05-22T21:20:22+00:00\",\"dateModified\":\"2023-11-28T18:18:12+00:00\",\"description\":\"L\u00e9\u010div\u00e1 tvorba, Mandala, Frakt\u00e1l, Fluid, Enkaustika, Meditace, Hudebn\u00ed esence, on-line\",\"breadcrumb\":{\"@id\":\"https:\/\/inkalours.com\/produkt\/bodywisdom\/#breadcrumb\"},\"inLanguage\":\"en-US\",\"potentialAction\":[{\"@type\":\"ReadAction\",\"target\":[\"https:\/\/inkalours.com\/produkt\/bodywisdom\/\"]}]},{\"@type\":\"ImageObject\",\"inLanguage\":\"en-US\",\"@id\":\"https:\/\/inkalours.com\/produkt\/bodywisdom\/#primaryimage\",\"url\":\"https:\/\/inkalours.com\/wp-content\/uploads\/2023\/05\/Body-Wisdom-W.jpg\",\"contentUrl\":\"https:\/\/inkalours.com\/wp-content\/uploads\/2023\/05\/Body-Wisdom-W.jpg\",\"width\":2344,\"height\":2344},{\"@type\":\"BreadcrumbList\",\"@id\":\"https:\/\/inkalours.com\/produkt\/bodywisdom\/#breadcrumb\",\"itemListElement\":[{\"@type\":\"ListItem\",\"position\":1,\"name\":\"Dom\u016f\",\"item\":\"https:\/\/inkalours.com\/\"},{\"@type\":\"ListItem\",\"position\":2,\"name\":\"Shop\",\"item\":\"https:\/\/inkalours.com\/shop\/\"},{\"@type\":\"ListItem\",\"position\":3,\"name\":\"Moudrost t\u011bla\"}]},{\"@type\":\"WebSite\",\"@id\":\"https:\/\/inkalours.com\/#website\",\"url\":\"https:\/\/inkalours.com\/\",\"name\":\"Inkalours - mandaly, frakt\u00e1ly, enkaustika,l\u00e9\u010div\u00e9 hudebn\u00ed esence\",\"description\":\"Ingrid Kalinkov\u00e1- barvy,meditace,hudba\",\"publisher\":{\"@id\":\"https:\/\/inkalours.com\/#\/schema\/person\/443499a1f0a2fedc0e39a9dcb5e0f835\"},\"potentialAction\":[{\"@type\":\"SearchAction\",\"target\":{\"@type\":\"EntryPoint\",\"urlTemplate\":\"https:\/\/inkalours.com\/?s={search_term_string}\"},\"query-input\":{\"@type\":\"PropertyValueSpecification\",\"valueRequired\":true,\"valueName\":\"search_term_string\"}}],\"inLanguage\":\"en-US\"},{\"@type\":[\"Person\",\"Organization\"],\"@id\":\"https:\/\/inkalours.com\/#\/schema\/person\/443499a1f0a2fedc0e39a9dcb5e0f835\",\"name\":\"Ika\",\"image\":{\"@type\":\"ImageObject\",\"inLanguage\":\"en-US\",\"@id\":\"https:\/\/inkalours.com\/#\/schema\/person\/image\/\",\"url\":\"https:\/\/inkalours.com\/wp-content\/uploads\/2023\/07\/Logo_web_2289.svg\",\"contentUrl\":\"https:\/\/inkalours.com\/wp-content\/uploads\/2023\/07\/Logo_web_2289.svg\",\"width\":1,\"height\":1,\"caption\":\"Ika\"},\"logo\":{\"@id\":\"https:\/\/inkalours.com\/#\/schema\/person\/image\/\"},\"description\":\"Jsem tv\u016frce mandal a frakt\u00e1ln\u00edch obr\u00e1zk\u016f. Cht\u011bla bych V\u00e1m na m\u00e9 str\u00e1nce zprost\u0159edkovat tato setk\u00e1n\u00ed a zastaven\u00ed, kter\u00e1 p\u0159edstavuj\u00ed \u010d\u00e1st m\u00e9 du\u0161e a m\u00e9ho vn\u00edm\u00e1n\u00ed sv\u011bta\",\"sameAs\":[\"http:\/\/inkalours.com\",\"https:\/\/www.instagram.com\/worldof.mandala\/\",\"https:\/\/www.youtube.com\/@worldofmandala1318\"]}]}<\/script>\n<!-- \/ Yoast SEO plugin. -->","yoast_head_json":{"title":"Moudrost t\u011bla - INKAlours","description":"L\u00e9\u010div\u00e1 tvorba, Mandala, Frakt\u00e1l, Fluid, Enkaustika, Meditace, Hudebn\u00ed esence, on-line","robots":{"index":"index","follow":"follow","max-snippet":"max-snippet:-1","max-image-preview":"max-image-preview:large","max-video-preview":"max-video-preview:-1"},"canonical":"https:\/\/inkalours.com\/en\/product\/bodywisdom\/","og_locale":"en_US","og_type":"article","og_title":"Moudrost t\u011bla - INKAlours","og_description":"L\u00e9\u010div\u00e1 tvorba, Mandala, Frakt\u00e1l, Fluid, Enkaustika, Meditace, Hudebn\u00ed esence, on-line","og_url":"https:\/\/inkalours.com\/en\/product\/bodywisdom\/","og_site_name":"INKAlours","article_modified_time":"2023-11-28T18:18:12+00:00","og_image":[{"width":2344,"height":2344,"url":"https:\/\/inkalours.com\/wp-content\/uploads\/2023\/05\/Body-Wisdom-W.jpg","type":"image\/jpeg"}],"schema":{"@context":"https:\/\/schema.org","@graph":[{"@type":"WebPage","@id":"https:\/\/inkalours.com\/produkt\/bodywisdom\/","url":"https:\/\/inkalours.com\/produkt\/bodywisdom\/","name":"Moudrost t\u011bla - INKAlours","isPartOf":{"@id":"https:\/\/inkalours.com\/#website"},"primaryImageOfPage":{"@id":"https:\/\/inkalours.com\/produkt\/bodywisdom\/#primaryimage"},"image":{"@id":"https:\/\/inkalours.com\/produkt\/bodywisdom\/#primaryimage"},"thumbnailUrl":"https:\/\/inkalours.com\/wp-content\/uploads\/2023\/05\/Body-Wisdom-W.jpg","datePublished":"2023-05-22T21:20:22+00:00","dateModified":"2023-11-28T18:18:12+00:00","description":"L\u00e9\u010div\u00e1 tvorba, Mandala, Frakt\u00e1l, Fluid, Enkaustika, Meditace, Hudebn\u00ed esence, on-line","breadcrumb":{"@id":"https:\/\/inkalours.com\/produkt\/bodywisdom\/#breadcrumb"},"inLanguage":"en-US","potentialAction":[{"@type":"ReadAction","target":["https:\/\/inkalours.com\/produkt\/bodywisdom\/"]}]},{"@type":"ImageObject","inLanguage":"en-US","@id":"https:\/\/inkalours.com\/produkt\/bodywisdom\/#primaryimage","url":"https:\/\/inkalours.com\/wp-content\/uploads\/2023\/05\/Body-Wisdom-W.jpg","contentUrl":"https:\/\/inkalours.com\/wp-content\/uploads\/2023\/05\/Body-Wisdom-W.jpg","width":2344,"height":2344},{"@type":"BreadcrumbList","@id":"https:\/\/inkalours.com\/produkt\/bodywisdom\/#breadcrumb","itemListElement":[{"@type":"ListItem","position":1,"name":"Dom\u016f","item":"https:\/\/inkalours.com\/"},{"@type":"ListItem","position":2,"name":"Shop","item":"https:\/\/inkalours.com\/shop\/"},{"@type":"ListItem","position":3,"name":"Moudrost t\u011bla"}]},{"@type":"WebSite","@id":"https:\/\/inkalours.com\/#website","url":"https:\/\/inkalours.com\/","name":"Inkalours - mandaly, frakt\u00e1ly, enkaustika,l\u00e9\u010div\u00e9 hudebn\u00ed esence","description":"Ingrid Kalinkov\u00e1- barvy,meditace,hudba","publisher":{"@id":"https:\/\/inkalours.com\/#\/schema\/person\/443499a1f0a2fedc0e39a9dcb5e0f835"},"potentialAction":[{"@type":"SearchAction","target":{"@type":"EntryPoint","urlTemplate":"https:\/\/inkalours.com\/?s={search_term_string}"},"query-input":{"@type":"PropertyValueSpecification","valueRequired":true,"valueName":"search_term_string"}}],"inLanguage":"en-US"},{"@type":["Person","Organization"],"@id":"https:\/\/inkalours.com\/#\/schema\/person\/443499a1f0a2fedc0e39a9dcb5e0f835","name":"Ika","image":{"@type":"ImageObject","inLanguage":"en-US","@id":"https:\/\/inkalours.com\/#\/schema\/person\/image\/","url":"https:\/\/inkalours.com\/wp-content\/uploads\/2023\/07\/Logo_web_2289.svg","contentUrl":"https:\/\/inkalours.com\/wp-content\/uploads\/2023\/07\/Logo_web_2289.svg","width":1,"height":1,"caption":"Ika"},"logo":{"@id":"https:\/\/inkalours.com\/#\/schema\/person\/image\/"},"description":"Jsem tv\u016frce mandal a frakt\u00e1ln\u00edch obr\u00e1zk\u016f. Cht\u011bla bych V\u00e1m na m\u00e9 str\u00e1nce zprost\u0159edkovat tato setk\u00e1n\u00ed a zastaven\u00ed, kter\u00e1 p\u0159edstavuj\u00ed \u010d\u00e1st m\u00e9 du\u0161e a m\u00e9ho vn\u00edm\u00e1n\u00ed sv\u011bta","sameAs":["http:\/\/inkalours.com","https:\/\/www.instagram.com\/worldof.mandala\/","https:\/\/www.youtube.com\/@worldofmandala1318"]}]}},"_links":{"self":[{"href":"https:\/\/inkalours.com\/en\/wp-json\/wp\/v2\/product\/5665","targetHints":{"allow":["GET"]}}],"collection":[{"href":"https:\/\/inkalours.com\/en\/wp-json\/wp\/v2\/product"}],"about":[{"href":"https:\/\/inkalours.com\/en\/wp-json\/wp\/v2\/types\/product"}],"replies":[{"embeddable":true,"href":"https:\/\/inkalours.com\/en\/wp-json\/wp\/v2\/comments?post=5665"}],"version-history":[{"count":15,"href":"https:\/\/inkalours.com\/en\/wp-json\/wp\/v2\/product\/5665\/revisions"}],"predecessor-version":[{"id":5890,"href":"https:\/\/inkalours.com\/en\/wp-json\/wp\/v2\/product\/5665\/revisions\/5890"}],"wp:featuredmedia":[{"embeddable":true,"href":"https:\/\/inkalours.com\/en\/wp-json\/wp\/v2\/media\/7967"}],"wp:attachment":[{"href":"https:\/\/inkalours.com\/en\/wp-json\/wp\/v2\/media?parent=5665"}],"wp:term":[{"taxonomy":"product_brand","embeddable":true,"href":"https:\/\/inkalours.com\/en\/wp-json\/wp\/v2\/product_brand?post=5665"},{"taxonomy":"product_cat","embeddable":true,"href":"https:\/\/inkalours.com\/en\/wp-json\/wp\/v2\/product_cat?post=5665"},{"taxonomy":"product_tag","embeddable":true,"href":"https:\/\/inkalours.com\/en\/wp-json\/wp\/v2\/product_tag?post=5665"}],"curies":[{"name":"wp","href":"https:\/\/api.w.org\/{rel}","templated":true}]}}