{"id":5830,"date":"2023-06-19T20:52:12","date_gmt":"2023-06-19T18:52:12","guid":{"rendered":"https:\/\/inkalours.com\/?post_type=product&#038;p=5830"},"modified":"2023-11-28T18:48:18","modified_gmt":"2023-11-28T17:48:18","slug":"meditace-sakralni-cakra","status":"publish","type":"product","link":"https:\/\/inkalours.com\/en\/product\/meditace-sakralni-cakra\/","title":{"rendered":"Sacral Chakra Meditation"},"content":{"rendered":"<p>&nbsp;<\/p>\n<p>Sacral Chakra meditation focuses on the second energy center in the body, known as the sacral chakra or SVADHISTANA. This chakra is associated with creativity, passion, emotional balance, and sensuality. Incorporating isochronic tones and Solfeggio frequencies into the meditation can enhance the experience and promote balance in the sacral chakra.<\/p>\n<p>Isochronic tones are a form of brainwave entrainment that use repetitive beats or pulses to synchronize the brainwaves to a specific frequency. They can help induce a state of deep relaxation and enhance meditation practices. In the context of sacral chakra meditation, isochronic tones can be used to facilitate a meditative state and promote the opening and activation of the chakra.<\/p>\n<p>Solfeggio frequencies are in turn a set of ancient musical tones believed to have specific healing and transformative properties. These frequencies correspond to different aspects of human consciousness and can be used in meditation to create a harmonious and balanced energetic environment.<\/p>\n<p>&nbsp;<\/p>\n<div><\/div>\n<div><\/div>\n<div><\/div>\n<div><\/div>\n<div><\/div>\n<div><\/div>\n<div><\/div>\n<div><\/div>\n<div><\/div>\n<div><\/div>\n<div><\/div>\n<div><\/div>","protected":false},"excerpt":{"rendered":"<p>&nbsp;<\/p>\n<p><strong>Sound file - meditation<\/strong><\/p>\n<p><span style=\"color: #333333;\"><span style=\"font-family: Alkatra;\"><span style=\"font-size: medium;\">Downloadable file includes an audio file and an image of the activation mandala (as shown next to the product description) <\/span><\/span><\/span><\/p>\n<div><\/div>","protected":false},"featured_media":7772,"comment_status":"open","ping_status":"closed","template":"","meta":{"inline_featured_image":false,"site-sidebar-layout":"default","site-content-layout":"default","ast-site-content-layout":"default","site-content-style":"default","site-sidebar-style":"default","ast-global-header-display":"","ast-banner-title-visibility":"","ast-main-header-display":"","ast-hfb-above-header-display":"","ast-hfb-below-header-display":"","ast-hfb-mobile-header-display":"","site-post-title":"","ast-breadcrumbs-content":"","ast-featured-img":"","footer-sml-layout":"","theme-transparent-header-meta":"default","adv-header-id-meta":"","stick-header-meta":"","header-above-stick-meta":"","header-main-stick-meta":"","header-below-stick-meta":"","astra-migrate-meta-layouts":"set","ast-page-background-enabled":"default","ast-page-background-meta":{"desktop":{"background-color":"","background-image":"","background-repeat":"repeat","background-position":"center center","background-size":"auto","background-attachment":"scroll","background-type":"","background-media":"","overlay-type":"","overlay-color":"","overlay-opacity":"","overlay-gradient":""},"tablet":{"background-color":"","background-image":"","background-repeat":"repeat","background-position":"center center","background-size":"auto","background-attachment":"scroll","background-type":"","background-media":"","overlay-type":"","overlay-color":"","overlay-opacity":"","overlay-gradient":""},"mobile":{"background-color":"","background-image":"","background-repeat":"repeat","background-position":"center center","background-size":"auto","background-attachment":"scroll","background-type":"","background-media":"","overlay-type":"","overlay-color":"","overlay-opacity":"","overlay-gradient":""}},"ast-content-background-meta":{"desktop":{"background-color":"var(--ast-global-color-5)","background-image":"","background-repeat":"repeat","background-position":"center center","background-size":"auto","background-attachment":"scroll","background-type":"","background-media":"","overlay-type":"","overlay-color":"","overlay-opacity":"","overlay-gradient":""},"tablet":{"background-color":"var(--ast-global-color-5)","background-image":"","background-repeat":"repeat","background-position":"center center","background-size":"auto","background-attachment":"scroll","background-type":"","background-media":"","overlay-type":"","overlay-color":"","overlay-opacity":"","overlay-gradient":""},"mobile":{"background-color":"var(--ast-global-color-5)","background-image":"","background-repeat":"repeat","background-position":"center center","background-size":"auto","background-attachment":"scroll","background-type":"","background-media":"","overlay-type":"","overlay-color":"","overlay-opacity":"","overlay-gradient":""}}},"product_brand":[],"product_cat":[36],"product_tag":[],"class_list":{"0":"post-5830","1":"product","2":"type-product","3":"status-publish","4":"has-post-thumbnail","6":"product_cat-meditace","7":"desktop-align-center","8":"tablet-align-center","9":"mobile-align-center","11":"first","12":"instock","13":"shipping-taxable","14":"purchasable","15":"product-type-variable"},"yoast_head":"<!-- This site is optimized with the Yoast SEO plugin v24.1 - https:\/\/yoast.com\/wordpress\/plugins\/seo\/ -->\n<title>Meditace Sakr\u00e1ln\u00ed \u010dakra - INKAlours<\/title>\n<meta name=\"description\" content=\"L\u00e9\u010div\u00e1 tvorba, Mandala, Frakt\u00e1l, Fluid, Enkaustika, Meditace, Hudebn\u00ed esence, on-line\" \/>\n<meta name=\"robots\" content=\"index, follow, max-snippet:-1, max-image-preview:large, max-video-preview:-1\" \/>\n<link rel=\"canonical\" href=\"https:\/\/inkalours.com\/en\/product\/meditace-sakralni-cakra\/\" \/>\n<meta property=\"og:locale\" content=\"en_US\" \/>\n<meta property=\"og:type\" content=\"article\" \/>\n<meta property=\"og:title\" content=\"Meditace Sakr\u00e1ln\u00ed \u010dakra - INKAlours\" \/>\n<meta property=\"og:description\" content=\"L\u00e9\u010div\u00e1 tvorba, Mandala, Frakt\u00e1l, Fluid, Enkaustika, Meditace, Hudebn\u00ed esence, on-line\" \/>\n<meta property=\"og:url\" content=\"https:\/\/inkalours.com\/en\/product\/meditace-sakralni-cakra\/\" \/>\n<meta property=\"og:site_name\" content=\"INKAlours\" \/>\n<meta property=\"article:modified_time\" content=\"2023-11-28T17:48:18+00:00\" \/>\n<meta property=\"og:image\" content=\"https:\/\/inkalours.com\/wp-content\/uploads\/2023\/10\/02.Meditace-sakralni-cakra.jpg\" \/>\n\t<meta property=\"og:image:width\" content=\"1310\" \/>\n\t<meta property=\"og:image:height\" content=\"1284\" \/>\n\t<meta property=\"og:image:type\" content=\"image\/jpeg\" \/>\n<script type=\"application\/ld+json\" class=\"yoast-schema-graph\">{\"@context\":\"https:\/\/schema.org\",\"@graph\":[{\"@type\":\"WebPage\",\"@id\":\"https:\/\/inkalours.com\/produkt\/meditace-sakralni-cakra\/\",\"url\":\"https:\/\/inkalours.com\/produkt\/meditace-sakralni-cakra\/\",\"name\":\"Meditace Sakr\u00e1ln\u00ed \u010dakra - INKAlours\",\"isPartOf\":{\"@id\":\"https:\/\/inkalours.com\/#website\"},\"primaryImageOfPage\":{\"@id\":\"https:\/\/inkalours.com\/produkt\/meditace-sakralni-cakra\/#primaryimage\"},\"image\":{\"@id\":\"https:\/\/inkalours.com\/produkt\/meditace-sakralni-cakra\/#primaryimage\"},\"thumbnailUrl\":\"https:\/\/inkalours.com\/wp-content\/uploads\/2023\/10\/02.Meditace-sakralni-cakra.jpg\",\"datePublished\":\"2023-06-19T18:52:12+00:00\",\"dateModified\":\"2023-11-28T17:48:18+00:00\",\"description\":\"L\u00e9\u010div\u00e1 tvorba, Mandala, Frakt\u00e1l, Fluid, Enkaustika, Meditace, Hudebn\u00ed esence, on-line\",\"breadcrumb\":{\"@id\":\"https:\/\/inkalours.com\/produkt\/meditace-sakralni-cakra\/#breadcrumb\"},\"inLanguage\":\"en-US\",\"potentialAction\":[{\"@type\":\"ReadAction\",\"target\":[\"https:\/\/inkalours.com\/produkt\/meditace-sakralni-cakra\/\"]}]},{\"@type\":\"ImageObject\",\"inLanguage\":\"en-US\",\"@id\":\"https:\/\/inkalours.com\/produkt\/meditace-sakralni-cakra\/#primaryimage\",\"url\":\"https:\/\/inkalours.com\/wp-content\/uploads\/2023\/10\/02.Meditace-sakralni-cakra.jpg\",\"contentUrl\":\"https:\/\/inkalours.com\/wp-content\/uploads\/2023\/10\/02.Meditace-sakralni-cakra.jpg\",\"width\":1310,\"height\":1284,\"caption\":\"02.Meditace sakr\u00e1ln\u00ed \u010dakra\"},{\"@type\":\"BreadcrumbList\",\"@id\":\"https:\/\/inkalours.com\/produkt\/meditace-sakralni-cakra\/#breadcrumb\",\"itemListElement\":[{\"@type\":\"ListItem\",\"position\":1,\"name\":\"Dom\u016f\",\"item\":\"https:\/\/inkalours.com\/\"},{\"@type\":\"ListItem\",\"position\":2,\"name\":\"Shop\",\"item\":\"https:\/\/inkalours.com\/shop\/\"},{\"@type\":\"ListItem\",\"position\":3,\"name\":\"Meditace Sakr\u00e1ln\u00ed \u010dakra\"}]},{\"@type\":\"WebSite\",\"@id\":\"https:\/\/inkalours.com\/#website\",\"url\":\"https:\/\/inkalours.com\/\",\"name\":\"Inkalours - mandaly, frakt\u00e1ly, enkaustika,l\u00e9\u010div\u00e9 hudebn\u00ed esence\",\"description\":\"Ingrid Kalinkov\u00e1- barvy,meditace,hudba\",\"publisher\":{\"@id\":\"https:\/\/inkalours.com\/#\/schema\/person\/443499a1f0a2fedc0e39a9dcb5e0f835\"},\"potentialAction\":[{\"@type\":\"SearchAction\",\"target\":{\"@type\":\"EntryPoint\",\"urlTemplate\":\"https:\/\/inkalours.com\/?s={search_term_string}\"},\"query-input\":{\"@type\":\"PropertyValueSpecification\",\"valueRequired\":true,\"valueName\":\"search_term_string\"}}],\"inLanguage\":\"en-US\"},{\"@type\":[\"Person\",\"Organization\"],\"@id\":\"https:\/\/inkalours.com\/#\/schema\/person\/443499a1f0a2fedc0e39a9dcb5e0f835\",\"name\":\"Ika\",\"image\":{\"@type\":\"ImageObject\",\"inLanguage\":\"en-US\",\"@id\":\"https:\/\/inkalours.com\/#\/schema\/person\/image\/\",\"url\":\"https:\/\/inkalours.com\/wp-content\/uploads\/2023\/07\/Logo_web_2289.svg\",\"contentUrl\":\"https:\/\/inkalours.com\/wp-content\/uploads\/2023\/07\/Logo_web_2289.svg\",\"width\":1,\"height\":1,\"caption\":\"Ika\"},\"logo\":{\"@id\":\"https:\/\/inkalours.com\/#\/schema\/person\/image\/\"},\"description\":\"Jsem tv\u016frce mandal a frakt\u00e1ln\u00edch obr\u00e1zk\u016f. Cht\u011bla bych V\u00e1m na m\u00e9 str\u00e1nce zprost\u0159edkovat tato setk\u00e1n\u00ed a zastaven\u00ed, kter\u00e1 p\u0159edstavuj\u00ed \u010d\u00e1st m\u00e9 du\u0161e a m\u00e9ho vn\u00edm\u00e1n\u00ed sv\u011bta\",\"sameAs\":[\"http:\/\/inkalours.com\",\"https:\/\/www.instagram.com\/worldof.mandala\/\",\"https:\/\/www.youtube.com\/@worldofmandala1318\"]}]}<\/script>\n<!-- \/ Yoast SEO plugin. -->","yoast_head_json":{"title":"Meditace Sakr\u00e1ln\u00ed \u010dakra - INKAlours","description":"L\u00e9\u010div\u00e1 tvorba, Mandala, Frakt\u00e1l, Fluid, Enkaustika, Meditace, Hudebn\u00ed esence, on-line","robots":{"index":"index","follow":"follow","max-snippet":"max-snippet:-1","max-image-preview":"max-image-preview:large","max-video-preview":"max-video-preview:-1"},"canonical":"https:\/\/inkalours.com\/en\/product\/meditace-sakralni-cakra\/","og_locale":"en_US","og_type":"article","og_title":"Meditace Sakr\u00e1ln\u00ed \u010dakra - INKAlours","og_description":"L\u00e9\u010div\u00e1 tvorba, Mandala, Frakt\u00e1l, Fluid, Enkaustika, Meditace, Hudebn\u00ed esence, on-line","og_url":"https:\/\/inkalours.com\/en\/product\/meditace-sakralni-cakra\/","og_site_name":"INKAlours","article_modified_time":"2023-11-28T17:48:18+00:00","og_image":[{"width":1310,"height":1284,"url":"https:\/\/inkalours.com\/wp-content\/uploads\/2023\/10\/02.Meditace-sakralni-cakra.jpg","type":"image\/jpeg"}],"schema":{"@context":"https:\/\/schema.org","@graph":[{"@type":"WebPage","@id":"https:\/\/inkalours.com\/produkt\/meditace-sakralni-cakra\/","url":"https:\/\/inkalours.com\/produkt\/meditace-sakralni-cakra\/","name":"Meditace Sakr\u00e1ln\u00ed \u010dakra - INKAlours","isPartOf":{"@id":"https:\/\/inkalours.com\/#website"},"primaryImageOfPage":{"@id":"https:\/\/inkalours.com\/produkt\/meditace-sakralni-cakra\/#primaryimage"},"image":{"@id":"https:\/\/inkalours.com\/produkt\/meditace-sakralni-cakra\/#primaryimage"},"thumbnailUrl":"https:\/\/inkalours.com\/wp-content\/uploads\/2023\/10\/02.Meditace-sakralni-cakra.jpg","datePublished":"2023-06-19T18:52:12+00:00","dateModified":"2023-11-28T17:48:18+00:00","description":"L\u00e9\u010div\u00e1 tvorba, Mandala, Frakt\u00e1l, Fluid, Enkaustika, Meditace, Hudebn\u00ed esence, on-line","breadcrumb":{"@id":"https:\/\/inkalours.com\/produkt\/meditace-sakralni-cakra\/#breadcrumb"},"inLanguage":"en-US","potentialAction":[{"@type":"ReadAction","target":["https:\/\/inkalours.com\/produkt\/meditace-sakralni-cakra\/"]}]},{"@type":"ImageObject","inLanguage":"en-US","@id":"https:\/\/inkalours.com\/produkt\/meditace-sakralni-cakra\/#primaryimage","url":"https:\/\/inkalours.com\/wp-content\/uploads\/2023\/10\/02.Meditace-sakralni-cakra.jpg","contentUrl":"https:\/\/inkalours.com\/wp-content\/uploads\/2023\/10\/02.Meditace-sakralni-cakra.jpg","width":1310,"height":1284,"caption":"02.Meditace sakr\u00e1ln\u00ed \u010dakra"},{"@type":"BreadcrumbList","@id":"https:\/\/inkalours.com\/produkt\/meditace-sakralni-cakra\/#breadcrumb","itemListElement":[{"@type":"ListItem","position":1,"name":"Dom\u016f","item":"https:\/\/inkalours.com\/"},{"@type":"ListItem","position":2,"name":"Shop","item":"https:\/\/inkalours.com\/shop\/"},{"@type":"ListItem","position":3,"name":"Meditace Sakr\u00e1ln\u00ed \u010dakra"}]},{"@type":"WebSite","@id":"https:\/\/inkalours.com\/#website","url":"https:\/\/inkalours.com\/","name":"Inkalours - mandaly, frakt\u00e1ly, enkaustika,l\u00e9\u010div\u00e9 hudebn\u00ed esence","description":"Ingrid Kalinkov\u00e1- barvy,meditace,hudba","publisher":{"@id":"https:\/\/inkalours.com\/#\/schema\/person\/443499a1f0a2fedc0e39a9dcb5e0f835"},"potentialAction":[{"@type":"SearchAction","target":{"@type":"EntryPoint","urlTemplate":"https:\/\/inkalours.com\/?s={search_term_string}"},"query-input":{"@type":"PropertyValueSpecification","valueRequired":true,"valueName":"search_term_string"}}],"inLanguage":"en-US"},{"@type":["Person","Organization"],"@id":"https:\/\/inkalours.com\/#\/schema\/person\/443499a1f0a2fedc0e39a9dcb5e0f835","name":"Ika","image":{"@type":"ImageObject","inLanguage":"en-US","@id":"https:\/\/inkalours.com\/#\/schema\/person\/image\/","url":"https:\/\/inkalours.com\/wp-content\/uploads\/2023\/07\/Logo_web_2289.svg","contentUrl":"https:\/\/inkalours.com\/wp-content\/uploads\/2023\/07\/Logo_web_2289.svg","width":1,"height":1,"caption":"Ika"},"logo":{"@id":"https:\/\/inkalours.com\/#\/schema\/person\/image\/"},"description":"Jsem tv\u016frce mandal a frakt\u00e1ln\u00edch obr\u00e1zk\u016f. Cht\u011bla bych V\u00e1m na m\u00e9 str\u00e1nce zprost\u0159edkovat tato setk\u00e1n\u00ed a zastaven\u00ed, kter\u00e1 p\u0159edstavuj\u00ed \u010d\u00e1st m\u00e9 du\u0161e a m\u00e9ho vn\u00edm\u00e1n\u00ed sv\u011bta","sameAs":["http:\/\/inkalours.com","https:\/\/www.instagram.com\/worldof.mandala\/","https:\/\/www.youtube.com\/@worldofmandala1318"]}]}},"_links":{"self":[{"href":"https:\/\/inkalours.com\/en\/wp-json\/wp\/v2\/product\/5830","targetHints":{"allow":["GET"]}}],"collection":[{"href":"https:\/\/inkalours.com\/en\/wp-json\/wp\/v2\/product"}],"about":[{"href":"https:\/\/inkalours.com\/en\/wp-json\/wp\/v2\/types\/product"}],"replies":[{"embeddable":true,"href":"https:\/\/inkalours.com\/en\/wp-json\/wp\/v2\/comments?post=5830"}],"version-history":[{"count":26,"href":"https:\/\/inkalours.com\/en\/wp-json\/wp\/v2\/product\/5830\/revisions"}],"predecessor-version":[{"id":9805,"href":"https:\/\/inkalours.com\/en\/wp-json\/wp\/v2\/product\/5830\/revisions\/9805"}],"wp:featuredmedia":[{"embeddable":true,"href":"https:\/\/inkalours.com\/en\/wp-json\/wp\/v2\/media\/7772"}],"wp:attachment":[{"href":"https:\/\/inkalours.com\/en\/wp-json\/wp\/v2\/media?parent=5830"}],"wp:term":[{"taxonomy":"product_brand","embeddable":true,"href":"https:\/\/inkalours.com\/en\/wp-json\/wp\/v2\/product_brand?post=5830"},{"taxonomy":"product_cat","embeddable":true,"href":"https:\/\/inkalours.com\/en\/wp-json\/wp\/v2\/product_cat?post=5830"},{"taxonomy":"product_tag","embeddable":true,"href":"https:\/\/inkalours.com\/en\/wp-json\/wp\/v2\/product_tag?post=5830"}],"curies":[{"name":"wp","href":"https:\/\/api.w.org\/{rel}","templated":true}]}}