{"id":8985,"date":"2023-11-18T11:38:41","date_gmt":"2023-11-18T10:38:41","guid":{"rendered":"https:\/\/inkalours.com\/?post_type=product&#038;p=8985"},"modified":"2025-05-28T23:21:11","modified_gmt":"2025-05-28T21:21:11","slug":"mandala-na-miru","status":"publish","type":"product","link":"https:\/\/inkalours.com\/en\/product\/mandala-na-miru\/","title":{"rendered":"Customized Mandala"},"content":{"rendered":"<p>&nbsp;<\/p>\n<p><strong>Accompanying picture<\/strong> - a collage of several genuinely created personal mandalas.<\/p>\n<p>Mandala created exactly for you based on the information you provided, as stated in the description <a href=\"https:\/\/inkalours.com\/en\/mandala-na-miru-2\/\">here <\/a><\/p>\n<div><\/div>\n<div><\/div>\n<div><\/div>\n<div><\/div>\n<div><\/div>\n<div><\/div>\n<div><\/div>\n<div><\/div>\n<div><\/div>","protected":false},"excerpt":{"rendered":"<p>&nbsp;<\/p>\n<p><strong>Digital graphics - mandala<\/strong><\/p>\n<p><strong>Resolution :<\/strong> 5000-6000 x 5000-6000 px<br \/>\n<strong>Format :<\/strong> JPG<\/p>\n<p>The file that will be sent to you after completion is a digital graphic in JPG format. It is necessary to expect a time of about 2 weeks (it can be sooner),personal mandala requires a lot of time for connection and final processing.<\/p>\n<div><\/div>\n<div><\/div>\n<div><\/div>\n<div><\/div>\n<div><\/div>\n<div><\/div>\n<div><\/div>\n<div><\/div>\n<div><\/div>\n<div><\/div>\n<div><\/div>","protected":false},"featured_media":9093,"comment_status":"open","ping_status":"closed","template":"","meta":{"inline_featured_image":false,"site-sidebar-layout":"default","site-content-layout":"","ast-site-content-layout":"default","site-content-style":"default","site-sidebar-style":"default","ast-global-header-display":"","ast-banner-title-visibility":"","ast-main-header-display":"","ast-hfb-above-header-display":"","ast-hfb-below-header-display":"","ast-hfb-mobile-header-display":"","site-post-title":"","ast-breadcrumbs-content":"","ast-featured-img":"","footer-sml-layout":"","theme-transparent-header-meta":"default","adv-header-id-meta":"","stick-header-meta":"","header-above-stick-meta":"","header-main-stick-meta":"","header-below-stick-meta":"","astra-migrate-meta-layouts":"set","ast-page-background-enabled":"default","ast-page-background-meta":{"desktop":{"background-color":"","background-image":"","background-repeat":"repeat","background-position":"center center","background-size":"auto","background-attachment":"scroll","background-type":"","background-media":"","overlay-type":"","overlay-color":"","overlay-opacity":"","overlay-gradient":""},"tablet":{"background-color":"","background-image":"","background-repeat":"repeat","background-position":"center center","background-size":"auto","background-attachment":"scroll","background-type":"","background-media":"","overlay-type":"","overlay-color":"","overlay-opacity":"","overlay-gradient":""},"mobile":{"background-color":"","background-image":"","background-repeat":"repeat","background-position":"center center","background-size":"auto","background-attachment":"scroll","background-type":"","background-media":"","overlay-type":"","overlay-color":"","overlay-opacity":"","overlay-gradient":""}},"ast-content-background-meta":{"desktop":{"background-color":"var(--ast-global-color-5)","background-image":"","background-repeat":"repeat","background-position":"center center","background-size":"auto","background-attachment":"scroll","background-type":"","background-media":"","overlay-type":"","overlay-color":"","overlay-opacity":"","overlay-gradient":""},"tablet":{"background-color":"var(--ast-global-color-5)","background-image":"","background-repeat":"repeat","background-position":"center center","background-size":"auto","background-attachment":"scroll","background-type":"","background-media":"","overlay-type":"","overlay-color":"","overlay-opacity":"","overlay-gradient":""},"mobile":{"background-color":"var(--ast-global-color-5)","background-image":"","background-repeat":"repeat","background-position":"center center","background-size":"auto","background-attachment":"scroll","background-type":"","background-media":"","overlay-type":"","overlay-color":"","overlay-opacity":"","overlay-gradient":""}}},"product_brand":[],"product_cat":[37],"product_tag":[],"class_list":{"0":"post-8985","1":"product","2":"type-product","3":"status-publish","4":"has-post-thumbnail","6":"product_cat-mandalynamiru","7":"desktop-align-center","8":"tablet-align-center","9":"mobile-align-center","11":"first","12":"instock","13":"shipping-taxable","14":"purchasable","15":"product-type-simple"},"yoast_head":"<!-- This site is optimized with the Yoast SEO plugin v24.1 - https:\/\/yoast.com\/wordpress\/plugins\/seo\/ -->\n<title>Mandala na m\u00edru - INKAlours<\/title>\n<meta name=\"description\" content=\"L\u00e9\u010div\u00e1 tvorba, Mandala, Frakt\u00e1l, Fluid, Enkaustika, Meditace, Hudebn\u00ed esence, on-line\" \/>\n<meta name=\"robots\" content=\"index, follow, max-snippet:-1, max-image-preview:large, max-video-preview:-1\" \/>\n<link rel=\"canonical\" href=\"https:\/\/inkalours.com\/en\/product\/mandala-na-miru\/\" \/>\n<meta property=\"og:locale\" content=\"en_US\" \/>\n<meta property=\"og:type\" content=\"article\" \/>\n<meta property=\"og:title\" content=\"Mandala na m\u00edru - INKAlours\" \/>\n<meta property=\"og:description\" content=\"L\u00e9\u010div\u00e1 tvorba, Mandala, Frakt\u00e1l, Fluid, Enkaustika, Meditace, Hudebn\u00ed esence, on-line\" \/>\n<meta property=\"og:url\" content=\"https:\/\/inkalours.com\/en\/product\/mandala-na-miru\/\" \/>\n<meta property=\"og:site_name\" content=\"INKAlours\" \/>\n<meta property=\"article:modified_time\" content=\"2025-05-28T21:21:11+00:00\" \/>\n<meta property=\"og:image\" content=\"https:\/\/inkalours.com\/wp-content\/uploads\/2023\/11\/Personal-mandala-Collage.jpg\" \/>\n\t<meta property=\"og:image:width\" content=\"1733\" \/>\n\t<meta property=\"og:image:height\" content=\"2400\" \/>\n\t<meta property=\"og:image:type\" content=\"image\/jpeg\" \/>\n<script type=\"application\/ld+json\" class=\"yoast-schema-graph\">{\"@context\":\"https:\/\/schema.org\",\"@graph\":[{\"@type\":\"WebPage\",\"@id\":\"https:\/\/inkalours.com\/produkt\/mandala-na-miru\/\",\"url\":\"https:\/\/inkalours.com\/produkt\/mandala-na-miru\/\",\"name\":\"Mandala na m\u00edru - INKAlours\",\"isPartOf\":{\"@id\":\"https:\/\/inkalours.com\/#website\"},\"primaryImageOfPage\":{\"@id\":\"https:\/\/inkalours.com\/produkt\/mandala-na-miru\/#primaryimage\"},\"image\":{\"@id\":\"https:\/\/inkalours.com\/produkt\/mandala-na-miru\/#primaryimage\"},\"thumbnailUrl\":\"https:\/\/inkalours.com\/wp-content\/uploads\/2023\/11\/Personal-mandala-Collage.jpg\",\"datePublished\":\"2023-11-18T10:38:41+00:00\",\"dateModified\":\"2025-05-28T21:21:11+00:00\",\"description\":\"L\u00e9\u010div\u00e1 tvorba, Mandala, Frakt\u00e1l, Fluid, Enkaustika, Meditace, Hudebn\u00ed esence, on-line\",\"breadcrumb\":{\"@id\":\"https:\/\/inkalours.com\/produkt\/mandala-na-miru\/#breadcrumb\"},\"inLanguage\":\"en-US\",\"potentialAction\":[{\"@type\":\"ReadAction\",\"target\":[\"https:\/\/inkalours.com\/produkt\/mandala-na-miru\/\"]}]},{\"@type\":\"ImageObject\",\"inLanguage\":\"en-US\",\"@id\":\"https:\/\/inkalours.com\/produkt\/mandala-na-miru\/#primaryimage\",\"url\":\"https:\/\/inkalours.com\/wp-content\/uploads\/2023\/11\/Personal-mandala-Collage.jpg\",\"contentUrl\":\"https:\/\/inkalours.com\/wp-content\/uploads\/2023\/11\/Personal-mandala-Collage.jpg\",\"width\":1733,\"height\":2400},{\"@type\":\"BreadcrumbList\",\"@id\":\"https:\/\/inkalours.com\/produkt\/mandala-na-miru\/#breadcrumb\",\"itemListElement\":[{\"@type\":\"ListItem\",\"position\":1,\"name\":\"Dom\u016f\",\"item\":\"https:\/\/inkalours.com\/\"},{\"@type\":\"ListItem\",\"position\":2,\"name\":\"Shop\",\"item\":\"https:\/\/inkalours.com\/shop\/\"},{\"@type\":\"ListItem\",\"position\":3,\"name\":\"Mandala na m\u00edru\"}]},{\"@type\":\"WebSite\",\"@id\":\"https:\/\/inkalours.com\/#website\",\"url\":\"https:\/\/inkalours.com\/\",\"name\":\"Inkalours - mandaly, frakt\u00e1ly, enkaustika,l\u00e9\u010div\u00e9 hudebn\u00ed esence\",\"description\":\"Ingrid Kalinkov\u00e1- barvy,meditace,hudba\",\"publisher\":{\"@id\":\"https:\/\/inkalours.com\/#\/schema\/person\/443499a1f0a2fedc0e39a9dcb5e0f835\"},\"potentialAction\":[{\"@type\":\"SearchAction\",\"target\":{\"@type\":\"EntryPoint\",\"urlTemplate\":\"https:\/\/inkalours.com\/?s={search_term_string}\"},\"query-input\":{\"@type\":\"PropertyValueSpecification\",\"valueRequired\":true,\"valueName\":\"search_term_string\"}}],\"inLanguage\":\"en-US\"},{\"@type\":[\"Person\",\"Organization\"],\"@id\":\"https:\/\/inkalours.com\/#\/schema\/person\/443499a1f0a2fedc0e39a9dcb5e0f835\",\"name\":\"Ika\",\"image\":{\"@type\":\"ImageObject\",\"inLanguage\":\"en-US\",\"@id\":\"https:\/\/inkalours.com\/#\/schema\/person\/image\/\",\"url\":\"https:\/\/inkalours.com\/wp-content\/uploads\/2023\/07\/Logo_web_2289.svg\",\"contentUrl\":\"https:\/\/inkalours.com\/wp-content\/uploads\/2023\/07\/Logo_web_2289.svg\",\"width\":1,\"height\":1,\"caption\":\"Ika\"},\"logo\":{\"@id\":\"https:\/\/inkalours.com\/#\/schema\/person\/image\/\"},\"description\":\"Jsem tv\u016frce mandal a frakt\u00e1ln\u00edch obr\u00e1zk\u016f. Cht\u011bla bych V\u00e1m na m\u00e9 str\u00e1nce zprost\u0159edkovat tato setk\u00e1n\u00ed a zastaven\u00ed, kter\u00e1 p\u0159edstavuj\u00ed \u010d\u00e1st m\u00e9 du\u0161e a m\u00e9ho vn\u00edm\u00e1n\u00ed sv\u011bta\",\"sameAs\":[\"http:\/\/inkalours.com\",\"https:\/\/www.instagram.com\/worldof.mandala\/\",\"https:\/\/www.youtube.com\/@worldofmandala1318\"]}]}<\/script>\n<!-- \/ Yoast SEO plugin. -->","yoast_head_json":{"title":"Mandala na m\u00edru - INKAlours","description":"L\u00e9\u010div\u00e1 tvorba, Mandala, Frakt\u00e1l, Fluid, Enkaustika, Meditace, Hudebn\u00ed esence, on-line","robots":{"index":"index","follow":"follow","max-snippet":"max-snippet:-1","max-image-preview":"max-image-preview:large","max-video-preview":"max-video-preview:-1"},"canonical":"https:\/\/inkalours.com\/en\/product\/mandala-na-miru\/","og_locale":"en_US","og_type":"article","og_title":"Mandala na m\u00edru - INKAlours","og_description":"L\u00e9\u010div\u00e1 tvorba, Mandala, Frakt\u00e1l, Fluid, Enkaustika, Meditace, Hudebn\u00ed esence, on-line","og_url":"https:\/\/inkalours.com\/en\/product\/mandala-na-miru\/","og_site_name":"INKAlours","article_modified_time":"2025-05-28T21:21:11+00:00","og_image":[{"width":1733,"height":2400,"url":"https:\/\/inkalours.com\/wp-content\/uploads\/2023\/11\/Personal-mandala-Collage.jpg","type":"image\/jpeg"}],"schema":{"@context":"https:\/\/schema.org","@graph":[{"@type":"WebPage","@id":"https:\/\/inkalours.com\/produkt\/mandala-na-miru\/","url":"https:\/\/inkalours.com\/produkt\/mandala-na-miru\/","name":"Mandala na m\u00edru - INKAlours","isPartOf":{"@id":"https:\/\/inkalours.com\/#website"},"primaryImageOfPage":{"@id":"https:\/\/inkalours.com\/produkt\/mandala-na-miru\/#primaryimage"},"image":{"@id":"https:\/\/inkalours.com\/produkt\/mandala-na-miru\/#primaryimage"},"thumbnailUrl":"https:\/\/inkalours.com\/wp-content\/uploads\/2023\/11\/Personal-mandala-Collage.jpg","datePublished":"2023-11-18T10:38:41+00:00","dateModified":"2025-05-28T21:21:11+00:00","description":"L\u00e9\u010div\u00e1 tvorba, Mandala, Frakt\u00e1l, Fluid, Enkaustika, Meditace, Hudebn\u00ed esence, on-line","breadcrumb":{"@id":"https:\/\/inkalours.com\/produkt\/mandala-na-miru\/#breadcrumb"},"inLanguage":"en-US","potentialAction":[{"@type":"ReadAction","target":["https:\/\/inkalours.com\/produkt\/mandala-na-miru\/"]}]},{"@type":"ImageObject","inLanguage":"en-US","@id":"https:\/\/inkalours.com\/produkt\/mandala-na-miru\/#primaryimage","url":"https:\/\/inkalours.com\/wp-content\/uploads\/2023\/11\/Personal-mandala-Collage.jpg","contentUrl":"https:\/\/inkalours.com\/wp-content\/uploads\/2023\/11\/Personal-mandala-Collage.jpg","width":1733,"height":2400},{"@type":"BreadcrumbList","@id":"https:\/\/inkalours.com\/produkt\/mandala-na-miru\/#breadcrumb","itemListElement":[{"@type":"ListItem","position":1,"name":"Dom\u016f","item":"https:\/\/inkalours.com\/"},{"@type":"ListItem","position":2,"name":"Shop","item":"https:\/\/inkalours.com\/shop\/"},{"@type":"ListItem","position":3,"name":"Mandala na m\u00edru"}]},{"@type":"WebSite","@id":"https:\/\/inkalours.com\/#website","url":"https:\/\/inkalours.com\/","name":"Inkalours - mandaly, frakt\u00e1ly, enkaustika,l\u00e9\u010div\u00e9 hudebn\u00ed esence","description":"Ingrid Kalinkov\u00e1- barvy,meditace,hudba","publisher":{"@id":"https:\/\/inkalours.com\/#\/schema\/person\/443499a1f0a2fedc0e39a9dcb5e0f835"},"potentialAction":[{"@type":"SearchAction","target":{"@type":"EntryPoint","urlTemplate":"https:\/\/inkalours.com\/?s={search_term_string}"},"query-input":{"@type":"PropertyValueSpecification","valueRequired":true,"valueName":"search_term_string"}}],"inLanguage":"en-US"},{"@type":["Person","Organization"],"@id":"https:\/\/inkalours.com\/#\/schema\/person\/443499a1f0a2fedc0e39a9dcb5e0f835","name":"Ika","image":{"@type":"ImageObject","inLanguage":"en-US","@id":"https:\/\/inkalours.com\/#\/schema\/person\/image\/","url":"https:\/\/inkalours.com\/wp-content\/uploads\/2023\/07\/Logo_web_2289.svg","contentUrl":"https:\/\/inkalours.com\/wp-content\/uploads\/2023\/07\/Logo_web_2289.svg","width":1,"height":1,"caption":"Ika"},"logo":{"@id":"https:\/\/inkalours.com\/#\/schema\/person\/image\/"},"description":"Jsem tv\u016frce mandal a frakt\u00e1ln\u00edch obr\u00e1zk\u016f. Cht\u011bla bych V\u00e1m na m\u00e9 str\u00e1nce zprost\u0159edkovat tato setk\u00e1n\u00ed a zastaven\u00ed, kter\u00e1 p\u0159edstavuj\u00ed \u010d\u00e1st m\u00e9 du\u0161e a m\u00e9ho vn\u00edm\u00e1n\u00ed sv\u011bta","sameAs":["http:\/\/inkalours.com","https:\/\/www.instagram.com\/worldof.mandala\/","https:\/\/www.youtube.com\/@worldofmandala1318"]}]}},"_links":{"self":[{"href":"https:\/\/inkalours.com\/en\/wp-json\/wp\/v2\/product\/8985","targetHints":{"allow":["GET"]}}],"collection":[{"href":"https:\/\/inkalours.com\/en\/wp-json\/wp\/v2\/product"}],"about":[{"href":"https:\/\/inkalours.com\/en\/wp-json\/wp\/v2\/types\/product"}],"replies":[{"embeddable":true,"href":"https:\/\/inkalours.com\/en\/wp-json\/wp\/v2\/comments?post=8985"}],"version-history":[{"count":13,"href":"https:\/\/inkalours.com\/en\/wp-json\/wp\/v2\/product\/8985\/revisions"}],"predecessor-version":[{"id":8987,"href":"https:\/\/inkalours.com\/en\/wp-json\/wp\/v2\/product\/8985\/revisions\/8987"}],"wp:featuredmedia":[{"embeddable":true,"href":"https:\/\/inkalours.com\/en\/wp-json\/wp\/v2\/media\/9093"}],"wp:attachment":[{"href":"https:\/\/inkalours.com\/en\/wp-json\/wp\/v2\/media?parent=8985"}],"wp:term":[{"taxonomy":"product_brand","embeddable":true,"href":"https:\/\/inkalours.com\/en\/wp-json\/wp\/v2\/product_brand?post=8985"},{"taxonomy":"product_cat","embeddable":true,"href":"https:\/\/inkalours.com\/en\/wp-json\/wp\/v2\/product_cat?post=8985"},{"taxonomy":"product_tag","embeddable":true,"href":"https:\/\/inkalours.com\/en\/wp-json\/wp\/v2\/product_tag?post=8985"}],"curies":[{"name":"wp","href":"https:\/\/api.w.org\/{rel}","templated":true}]}}