{"id":9902,"date":"2023-12-19T19:01:18","date_gmt":"2023-12-19T18:01:18","guid":{"rendered":"https:\/\/inkalours.com\/?post_type=product&#038;p=9902"},"modified":"2023-12-19T21:36:13","modified_gmt":"2023-12-19T20:36:13","slug":"nocni-kralovna","status":"publish","type":"product","link":"https:\/\/inkalours.com\/en\/product\/nocni-kralovna\/","title":{"rendered":"Night Queen"},"content":{"rendered":"<p>&nbsp;<\/p>\n<p><strong>Night Queen<\/strong> je podmaniv\u00e1 mandala, kter\u00e1 okouzluje sv\u00fdm propracovan\u00fdm designem a \u00e9terickou kr\u00e1sou. Obraz je tvo\u0159en symfoni\u00ed mystick\u00fdch odst\u00edn\u016f fialov\u00e9 a rozehr\u00e1v\u00e1 strhuj\u00edc\u00ed tanec barev, kter\u00fd n\u00e1s vt\u00e1hne do magick\u00e9ho sv\u011bta.<\/p>\n<p>Mandala <strong>Night Queen<\/strong> vyb\u00edz\u00ed k rozj\u00edm\u00e1n\u00ed a introspekci, jako by ve sv\u00fdch slo\u017eit\u00fdch vzorech skr\u00fdvala tajemstv\u00ed vesm\u00edru. P\u016fsob\u00ed jako vzne\u0161en\u00e1 kr\u00e1sa a kosmick\u00fd z\u00e1zrak, kter\u00fd n\u00e1s p\u0159enese do \u0159\u00ed\u0161e, kde se mystick\u00e9 a majest\u00e1tn\u00ed snoub\u00ed v tanci nachov\u00fdch odst\u00edn\u016f &#8211; kde <strong>Night Queen<\/strong> rules the celestial kingdom of dreams and magic.<\/p>\n<p>&nbsp;<\/p>\n<p><strong>Working with mandala:<\/strong><\/p>\n<p>If this particular mandala has chosen you, it means that its colours and graphic expression should help you to establish or improve the connection between the colours and your energy centres, to improve the flow of energy and to encourage and develop sensory and extrasensory perception.<\/p>\n<p>Meditate with the mandala daily for 10-15 minutes over the course of a month, writing down your feelings, insights, or any images in a journal that will serve as a road map for your development.<\/p>\n<div><\/div>\n<div><\/div>\n<div><\/div>\n<div><\/div>\n<div><\/div>\n<div><\/div>\n<div><\/div>\n<div><\/div>\n<div><\/div>\n<div><\/div>\n<div><\/div>","protected":false},"excerpt":{"rendered":"<p>&nbsp;<\/p>\n<p><strong>Digital graphic - mandala (+ sound,animation)<\/strong><\/p>\n<p>Downloadable file is a video with an animated mandala <strong>Night Queen<\/strong>,with the sound of water and Tibetan bowls.<\/p>\n<p><strong>Video Length :<\/strong>\u00a0 1:23 min \/\u00a0 66 MB<br \/>\n<strong>Video format :<\/strong>\u00a0mp4<\/p>\n<div>\n<div style=\"width: 184px;\" class=\"wp-video\"><video class=\"wp-video-shortcode\" id=\"video-9902-1\" width=\"184\" height=\"184\" preload=\"metadata\" controls=\"controls\"><source type=\"video\/mp4\" src=\"https:\/\/inkalours.com\/wp-content\/uploads\/2023\/12\/Night-Queen-sample-W.mp4?_=1\" \/><a href=\"https:\/\/inkalours.com\/wp-content\/uploads\/2023\/12\/Night-Queen-sample-W.mp4\">https:\/\/inkalours.com\/wp-content\/uploads\/2023\/12\/Night-Queen-sample-W.mp4<\/a><\/video><\/div>\n<\/div>\n<div><\/div>\n<div><\/div>\n<div><\/div>\n<div><\/div>\n<div><\/div>\n<div><\/div>\n<div><\/div>\n<div><\/div>","protected":false},"featured_media":9907,"comment_status":"open","ping_status":"closed","template":"","meta":{"inline_featured_image":false,"site-sidebar-layout":"default","site-content-layout":"","ast-site-content-layout":"default","site-content-style":"default","site-sidebar-style":"default","ast-global-header-display":"","ast-banner-title-visibility":"","ast-main-header-display":"","ast-hfb-above-header-display":"","ast-hfb-below-header-display":"","ast-hfb-mobile-header-display":"","site-post-title":"","ast-breadcrumbs-content":"","ast-featured-img":"","footer-sml-layout":"","theme-transparent-header-meta":"default","adv-header-id-meta":"","stick-header-meta":"","header-above-stick-meta":"","header-main-stick-meta":"","header-below-stick-meta":"","astra-migrate-meta-layouts":"set","ast-page-background-enabled":"default","ast-page-background-meta":{"desktop":{"background-color":"","background-image":"","background-repeat":"repeat","background-position":"center center","background-size":"auto","background-attachment":"scroll","background-type":"","background-media":"","overlay-type":"","overlay-color":"","overlay-opacity":"","overlay-gradient":""},"tablet":{"background-color":"","background-image":"","background-repeat":"repeat","background-position":"center center","background-size":"auto","background-attachment":"scroll","background-type":"","background-media":"","overlay-type":"","overlay-color":"","overlay-opacity":"","overlay-gradient":""},"mobile":{"background-color":"","background-image":"","background-repeat":"repeat","background-position":"center center","background-size":"auto","background-attachment":"scroll","background-type":"","background-media":"","overlay-type":"","overlay-color":"","overlay-opacity":"","overlay-gradient":""}},"ast-content-background-meta":{"desktop":{"background-color":"var(--ast-global-color-5)","background-image":"","background-repeat":"repeat","background-position":"center center","background-size":"auto","background-attachment":"scroll","background-type":"","background-media":"","overlay-type":"","overlay-color":"","overlay-opacity":"","overlay-gradient":""},"tablet":{"background-color":"var(--ast-global-color-5)","background-image":"","background-repeat":"repeat","background-position":"center center","background-size":"auto","background-attachment":"scroll","background-type":"","background-media":"","overlay-type":"","overlay-color":"","overlay-opacity":"","overlay-gradient":""},"mobile":{"background-color":"var(--ast-global-color-5)","background-image":"","background-repeat":"repeat","background-position":"center center","background-size":"auto","background-attachment":"scroll","background-type":"","background-media":"","overlay-type":"","overlay-color":"","overlay-opacity":"","overlay-gradient":""}}},"product_brand":[],"product_cat":[41],"product_tag":[],"class_list":{"0":"post-9902","1":"product","2":"type-product","3":"status-publish","4":"has-post-thumbnail","6":"product_cat-pocityavjemy","7":"desktop-align-center","8":"tablet-align-center","9":"mobile-align-center","11":"first","12":"instock","13":"downloadable","14":"virtual","15":"purchasable","16":"product-type-simple"},"yoast_head":"<!-- This site is optimized with the Yoast SEO plugin v24.1 - https:\/\/yoast.com\/wordpress\/plugins\/seo\/ -->\n<title>No\u010dn\u00ed kr\u00e1lovna - INKAlours<\/title>\n<meta name=\"description\" content=\"L\u00e9\u010div\u00e1 tvorba, Mandala, Frakt\u00e1l, Fluid, Enkaustika, Meditace, Hudebn\u00ed esence, on-line\" \/>\n<meta name=\"robots\" content=\"index, follow, max-snippet:-1, max-image-preview:large, max-video-preview:-1\" \/>\n<link rel=\"canonical\" href=\"https:\/\/inkalours.com\/en\/product\/nocni-kralovna\/\" \/>\n<meta property=\"og:locale\" content=\"en_US\" \/>\n<meta property=\"og:type\" content=\"article\" \/>\n<meta property=\"og:title\" content=\"No\u010dn\u00ed kr\u00e1lovna - INKAlours\" \/>\n<meta property=\"og:description\" content=\"L\u00e9\u010div\u00e1 tvorba, Mandala, Frakt\u00e1l, Fluid, Enkaustika, Meditace, Hudebn\u00ed esence, on-line\" \/>\n<meta property=\"og:url\" content=\"https:\/\/inkalours.com\/en\/product\/nocni-kralovna\/\" \/>\n<meta property=\"og:site_name\" content=\"INKAlours\" \/>\n<meta property=\"article:modified_time\" content=\"2023-12-19T20:36:13+00:00\" \/>\n<meta property=\"og:image\" content=\"https:\/\/inkalours.com\/wp-content\/uploads\/2023\/12\/Night-Queen-W.jpg\" \/>\n\t<meta property=\"og:image:width\" content=\"1950\" \/>\n\t<meta property=\"og:image:height\" content=\"1950\" \/>\n\t<meta property=\"og:image:type\" content=\"image\/jpeg\" \/>\n<script type=\"application\/ld+json\" class=\"yoast-schema-graph\">{\"@context\":\"https:\/\/schema.org\",\"@graph\":[{\"@type\":\"WebPage\",\"@id\":\"https:\/\/inkalours.com\/produkt\/nocni-kralovna\/\",\"url\":\"https:\/\/inkalours.com\/produkt\/nocni-kralovna\/\",\"name\":\"No\u010dn\u00ed kr\u00e1lovna - INKAlours\",\"isPartOf\":{\"@id\":\"https:\/\/inkalours.com\/#website\"},\"primaryImageOfPage\":{\"@id\":\"https:\/\/inkalours.com\/produkt\/nocni-kralovna\/#primaryimage\"},\"image\":{\"@id\":\"https:\/\/inkalours.com\/produkt\/nocni-kralovna\/#primaryimage\"},\"thumbnailUrl\":\"https:\/\/inkalours.com\/wp-content\/uploads\/2023\/12\/Night-Queen-W.jpg\",\"datePublished\":\"2023-12-19T18:01:18+00:00\",\"dateModified\":\"2023-12-19T20:36:13+00:00\",\"description\":\"L\u00e9\u010div\u00e1 tvorba, Mandala, Frakt\u00e1l, Fluid, Enkaustika, Meditace, Hudebn\u00ed esence, on-line\",\"breadcrumb\":{\"@id\":\"https:\/\/inkalours.com\/produkt\/nocni-kralovna\/#breadcrumb\"},\"inLanguage\":\"en-US\",\"potentialAction\":[{\"@type\":\"ReadAction\",\"target\":[\"https:\/\/inkalours.com\/produkt\/nocni-kralovna\/\"]}]},{\"@type\":\"ImageObject\",\"inLanguage\":\"en-US\",\"@id\":\"https:\/\/inkalours.com\/produkt\/nocni-kralovna\/#primaryimage\",\"url\":\"https:\/\/inkalours.com\/wp-content\/uploads\/2023\/12\/Night-Queen-W.jpg\",\"contentUrl\":\"https:\/\/inkalours.com\/wp-content\/uploads\/2023\/12\/Night-Queen-W.jpg\",\"width\":1950,\"height\":1950},{\"@type\":\"BreadcrumbList\",\"@id\":\"https:\/\/inkalours.com\/produkt\/nocni-kralovna\/#breadcrumb\",\"itemListElement\":[{\"@type\":\"ListItem\",\"position\":1,\"name\":\"Dom\u016f\",\"item\":\"https:\/\/inkalours.com\/\"},{\"@type\":\"ListItem\",\"position\":2,\"name\":\"Shop\",\"item\":\"https:\/\/inkalours.com\/shop\/\"},{\"@type\":\"ListItem\",\"position\":3,\"name\":\"No\u010dn\u00ed kr\u00e1lovna\"}]},{\"@type\":\"WebSite\",\"@id\":\"https:\/\/inkalours.com\/#website\",\"url\":\"https:\/\/inkalours.com\/\",\"name\":\"Inkalours - mandaly, frakt\u00e1ly, enkaustika,l\u00e9\u010div\u00e9 hudebn\u00ed esence\",\"description\":\"Ingrid Kalinkov\u00e1- barvy,meditace,hudba\",\"publisher\":{\"@id\":\"https:\/\/inkalours.com\/#\/schema\/person\/443499a1f0a2fedc0e39a9dcb5e0f835\"},\"potentialAction\":[{\"@type\":\"SearchAction\",\"target\":{\"@type\":\"EntryPoint\",\"urlTemplate\":\"https:\/\/inkalours.com\/?s={search_term_string}\"},\"query-input\":{\"@type\":\"PropertyValueSpecification\",\"valueRequired\":true,\"valueName\":\"search_term_string\"}}],\"inLanguage\":\"en-US\"},{\"@type\":[\"Person\",\"Organization\"],\"@id\":\"https:\/\/inkalours.com\/#\/schema\/person\/443499a1f0a2fedc0e39a9dcb5e0f835\",\"name\":\"Ika\",\"image\":{\"@type\":\"ImageObject\",\"inLanguage\":\"en-US\",\"@id\":\"https:\/\/inkalours.com\/#\/schema\/person\/image\/\",\"url\":\"https:\/\/inkalours.com\/wp-content\/uploads\/2023\/07\/Logo_web_2289.svg\",\"contentUrl\":\"https:\/\/inkalours.com\/wp-content\/uploads\/2023\/07\/Logo_web_2289.svg\",\"width\":1,\"height\":1,\"caption\":\"Ika\"},\"logo\":{\"@id\":\"https:\/\/inkalours.com\/#\/schema\/person\/image\/\"},\"description\":\"Jsem tv\u016frce mandal a frakt\u00e1ln\u00edch obr\u00e1zk\u016f. Cht\u011bla bych V\u00e1m na m\u00e9 str\u00e1nce zprost\u0159edkovat tato setk\u00e1n\u00ed a zastaven\u00ed, kter\u00e1 p\u0159edstavuj\u00ed \u010d\u00e1st m\u00e9 du\u0161e a m\u00e9ho vn\u00edm\u00e1n\u00ed sv\u011bta\",\"sameAs\":[\"http:\/\/inkalours.com\",\"https:\/\/www.instagram.com\/worldof.mandala\/\",\"https:\/\/www.youtube.com\/@worldofmandala1318\"]}]}<\/script>\n<!-- \/ Yoast SEO plugin. -->","yoast_head_json":{"title":"No\u010dn\u00ed kr\u00e1lovna - INKAlours","description":"L\u00e9\u010div\u00e1 tvorba, Mandala, Frakt\u00e1l, Fluid, Enkaustika, Meditace, Hudebn\u00ed esence, on-line","robots":{"index":"index","follow":"follow","max-snippet":"max-snippet:-1","max-image-preview":"max-image-preview:large","max-video-preview":"max-video-preview:-1"},"canonical":"https:\/\/inkalours.com\/en\/product\/nocni-kralovna\/","og_locale":"en_US","og_type":"article","og_title":"No\u010dn\u00ed kr\u00e1lovna - INKAlours","og_description":"L\u00e9\u010div\u00e1 tvorba, Mandala, Frakt\u00e1l, Fluid, Enkaustika, Meditace, Hudebn\u00ed esence, on-line","og_url":"https:\/\/inkalours.com\/en\/product\/nocni-kralovna\/","og_site_name":"INKAlours","article_modified_time":"2023-12-19T20:36:13+00:00","og_image":[{"width":1950,"height":1950,"url":"https:\/\/inkalours.com\/wp-content\/uploads\/2023\/12\/Night-Queen-W.jpg","type":"image\/jpeg"}],"schema":{"@context":"https:\/\/schema.org","@graph":[{"@type":"WebPage","@id":"https:\/\/inkalours.com\/produkt\/nocni-kralovna\/","url":"https:\/\/inkalours.com\/produkt\/nocni-kralovna\/","name":"No\u010dn\u00ed kr\u00e1lovna - INKAlours","isPartOf":{"@id":"https:\/\/inkalours.com\/#website"},"primaryImageOfPage":{"@id":"https:\/\/inkalours.com\/produkt\/nocni-kralovna\/#primaryimage"},"image":{"@id":"https:\/\/inkalours.com\/produkt\/nocni-kralovna\/#primaryimage"},"thumbnailUrl":"https:\/\/inkalours.com\/wp-content\/uploads\/2023\/12\/Night-Queen-W.jpg","datePublished":"2023-12-19T18:01:18+00:00","dateModified":"2023-12-19T20:36:13+00:00","description":"L\u00e9\u010div\u00e1 tvorba, Mandala, Frakt\u00e1l, Fluid, Enkaustika, Meditace, Hudebn\u00ed esence, on-line","breadcrumb":{"@id":"https:\/\/inkalours.com\/produkt\/nocni-kralovna\/#breadcrumb"},"inLanguage":"en-US","potentialAction":[{"@type":"ReadAction","target":["https:\/\/inkalours.com\/produkt\/nocni-kralovna\/"]}]},{"@type":"ImageObject","inLanguage":"en-US","@id":"https:\/\/inkalours.com\/produkt\/nocni-kralovna\/#primaryimage","url":"https:\/\/inkalours.com\/wp-content\/uploads\/2023\/12\/Night-Queen-W.jpg","contentUrl":"https:\/\/inkalours.com\/wp-content\/uploads\/2023\/12\/Night-Queen-W.jpg","width":1950,"height":1950},{"@type":"BreadcrumbList","@id":"https:\/\/inkalours.com\/produkt\/nocni-kralovna\/#breadcrumb","itemListElement":[{"@type":"ListItem","position":1,"name":"Dom\u016f","item":"https:\/\/inkalours.com\/"},{"@type":"ListItem","position":2,"name":"Shop","item":"https:\/\/inkalours.com\/shop\/"},{"@type":"ListItem","position":3,"name":"No\u010dn\u00ed kr\u00e1lovna"}]},{"@type":"WebSite","@id":"https:\/\/inkalours.com\/#website","url":"https:\/\/inkalours.com\/","name":"Inkalours - mandaly, frakt\u00e1ly, enkaustika,l\u00e9\u010div\u00e9 hudebn\u00ed esence","description":"Ingrid Kalinkov\u00e1- barvy,meditace,hudba","publisher":{"@id":"https:\/\/inkalours.com\/#\/schema\/person\/443499a1f0a2fedc0e39a9dcb5e0f835"},"potentialAction":[{"@type":"SearchAction","target":{"@type":"EntryPoint","urlTemplate":"https:\/\/inkalours.com\/?s={search_term_string}"},"query-input":{"@type":"PropertyValueSpecification","valueRequired":true,"valueName":"search_term_string"}}],"inLanguage":"en-US"},{"@type":["Person","Organization"],"@id":"https:\/\/inkalours.com\/#\/schema\/person\/443499a1f0a2fedc0e39a9dcb5e0f835","name":"Ika","image":{"@type":"ImageObject","inLanguage":"en-US","@id":"https:\/\/inkalours.com\/#\/schema\/person\/image\/","url":"https:\/\/inkalours.com\/wp-content\/uploads\/2023\/07\/Logo_web_2289.svg","contentUrl":"https:\/\/inkalours.com\/wp-content\/uploads\/2023\/07\/Logo_web_2289.svg","width":1,"height":1,"caption":"Ika"},"logo":{"@id":"https:\/\/inkalours.com\/#\/schema\/person\/image\/"},"description":"Jsem tv\u016frce mandal a frakt\u00e1ln\u00edch obr\u00e1zk\u016f. Cht\u011bla bych V\u00e1m na m\u00e9 str\u00e1nce zprost\u0159edkovat tato setk\u00e1n\u00ed a zastaven\u00ed, kter\u00e1 p\u0159edstavuj\u00ed \u010d\u00e1st m\u00e9 du\u0161e a m\u00e9ho vn\u00edm\u00e1n\u00ed sv\u011bta","sameAs":["http:\/\/inkalours.com","https:\/\/www.instagram.com\/worldof.mandala\/","https:\/\/www.youtube.com\/@worldofmandala1318"]}]}},"_links":{"self":[{"href":"https:\/\/inkalours.com\/en\/wp-json\/wp\/v2\/product\/9902","targetHints":{"allow":["GET"]}}],"collection":[{"href":"https:\/\/inkalours.com\/en\/wp-json\/wp\/v2\/product"}],"about":[{"href":"https:\/\/inkalours.com\/en\/wp-json\/wp\/v2\/types\/product"}],"replies":[{"embeddable":true,"href":"https:\/\/inkalours.com\/en\/wp-json\/wp\/v2\/comments?post=9902"}],"version-history":[{"count":10,"href":"https:\/\/inkalours.com\/en\/wp-json\/wp\/v2\/product\/9902\/revisions"}],"predecessor-version":[{"id":9916,"href":"https:\/\/inkalours.com\/en\/wp-json\/wp\/v2\/product\/9902\/revisions\/9916"}],"wp:featuredmedia":[{"embeddable":true,"href":"https:\/\/inkalours.com\/en\/wp-json\/wp\/v2\/media\/9907"}],"wp:attachment":[{"href":"https:\/\/inkalours.com\/en\/wp-json\/wp\/v2\/media?parent=9902"}],"wp:term":[{"taxonomy":"product_brand","embeddable":true,"href":"https:\/\/inkalours.com\/en\/wp-json\/wp\/v2\/product_brand?post=9902"},{"taxonomy":"product_cat","embeddable":true,"href":"https:\/\/inkalours.com\/en\/wp-json\/wp\/v2\/product_cat?post=9902"},{"taxonomy":"product_tag","embeddable":true,"href":"https:\/\/inkalours.com\/en\/wp-json\/wp\/v2\/product_tag?post=9902"}],"curies":[{"name":"wp","href":"https:\/\/api.w.org\/{rel}","templated":true}]}}